{"id":792,"date":"2023-06-08T15:05:15","date_gmt":"2023-06-08T13:05:15","guid":{"rendered":"https:\/\/proinad92.cat\/?page_id=792"},"modified":"2023-06-20T19:04:35","modified_gmt":"2023-06-20T17:04:35","slug":"consultoria-tecnica","status":"publish","type":"page","link":"https:\/\/proinad92.cat\/es\/consultoria-tecnica\/","title":{"rendered":"Consultor\u00eda T\u00e9cnica"},"content":{"rendered":"\t\t<div data-elementor-type=\"wp-page\" data-elementor-id=\"792\" class=\"elementor elementor-792 elementor-257\" data-elementor-post-type=\"page\">\n\t\t\t\t\t\t<section class=\"elementor-section elementor-top-section elementor-element elementor-element-2df1811d elementor-section-boxed elementor-section-height-default elementor-section-height-default\" data-id=\"2df1811d\" data-element_type=\"section\" data-settings=\"{&quot;background_background&quot;:&quot;classic&quot;}\">\n\t\t\t\t\t\t\t<div class=\"elementor-background-overlay\"><\/div>\n\t\t\t\t\t\t\t<div class=\"elementor-container elementor-column-gap-default\">\n\t\t\t\t\t<div class=\"elementor-column elementor-col-100 elementor-top-column elementor-element elementor-element-a8089e7\" data-id=\"a8089e7\" data-element_type=\"column\">\n\t\t\t<div class=\"elementor-widget-wrap elementor-element-populated\">\n\t\t\t\t\t\t<div class=\"elementor-element elementor-element-6d805521 elementor-invisible elementor-widget elementor-widget-heading\" data-id=\"6d805521\" data-element_type=\"widget\" data-settings=\"{&quot;_animation&quot;:&quot;fadeInUp&quot;}\" data-widget_type=\"heading.default\">\n\t\t\t\t<div class=\"elementor-widget-container\">\n\t\t\t\t\t<h1 class=\"elementor-heading-title elementor-size-default\">Consultor\u00eda T\u00e9cnica<\/h1>\t\t\t\t<\/div>\n\t\t\t\t<\/div>\n\t\t\t\t\t<\/div>\n\t\t<\/div>\n\t\t\t\t\t<\/div>\n\t\t<\/section>\n\t\t\t\t<section class=\"elementor-section elementor-top-section elementor-element elementor-element-327ab86c elementor-reverse-tablet elementor-reverse-mobile elementor-section-boxed elementor-section-height-default elementor-section-height-default\" data-id=\"327ab86c\" data-element_type=\"section\">\n\t\t\t\t\t\t<div class=\"elementor-container elementor-column-gap-default\">\n\t\t\t\t\t<div class=\"elementor-column elementor-col-100 elementor-top-column elementor-element elementor-element-7f5c904 elementor-invisible\" data-id=\"7f5c904\" data-element_type=\"column\" data-settings=\"{&quot;background_background&quot;:&quot;classic&quot;,&quot;animation&quot;:&quot;fadeInRight&quot;}\">\n\t\t\t<div class=\"elementor-widget-wrap elementor-element-populated\">\n\t\t\t\t\t<div class=\"elementor-background-overlay\"><\/div>\n\t\t\t\t\t\t<div class=\"elementor-element elementor-element-20369856 elementor-widget elementor-widget-heading\" data-id=\"20369856\" data-element_type=\"widget\" data-widget_type=\"heading.default\">\n\t\t\t\t<div class=\"elementor-widget-container\">\n\t\t\t\t\t<h2 class=\"elementor-heading-title elementor-size-default\">Consultor\u00eda T\u00e9cnica<\/h2>\t\t\t\t<\/div>\n\t\t\t\t<\/div>\n\t\t\t\t<div class=\"elementor-element elementor-element-3aadb70b elementor-widget elementor-widget-text-editor\" data-id=\"3aadb70b\" data-element_type=\"widget\" data-widget_type=\"text-editor.default\">\n\t\t\t\t<div class=\"elementor-widget-container\">\n\t\t\t\t\t\t\t\t\t<p>Las empresas necesitan a veces recursos adicionales para seguir adelante con proyectos especiales, documentaci\u00f3n t\u00e9cnica y documentaci\u00f3n de calidad involucrada en proyectos de ingenier\u00eda.<\/p><p>Nuestra experiencia en proyectos puede ayudar a su equipo t\u00e9cnico durante el proceso inicial y durante el mismo<\/p><p>Tenemos la capacidad de lograr resultados exitosos brindando cualquier tipo de servicio analizando toda la documentaci\u00f3n t\u00e9cnica completa e involucrada con las v\u00e1lvulas de los proyectos y podemos gestionar todo este proceso documental ayudando a su departamento t\u00e9cnico para completar todo sin desviaciones.<\/p>\t\t\t\t\t\t\t\t<\/div>\n\t\t\t\t<\/div>\n\t\t\t\t<div class=\"elementor-element elementor-element-05f50de elementor-widget elementor-widget-gallery\" data-id=\"05f50de\" data-element_type=\"widget\" data-settings=\"{&quot;columns&quot;:2,&quot;gap&quot;:{&quot;unit&quot;:&quot;px&quot;,&quot;size&quot;:50,&quot;sizes&quot;:[]},&quot;aspect_ratio&quot;:&quot;4:3&quot;,&quot;lazyload&quot;:&quot;yes&quot;,&quot;gallery_layout&quot;:&quot;grid&quot;,&quot;columns_tablet&quot;:2,&quot;columns_mobile&quot;:1,&quot;gap_tablet&quot;:{&quot;unit&quot;:&quot;px&quot;,&quot;size&quot;:10,&quot;sizes&quot;:[]},&quot;gap_mobile&quot;:{&quot;unit&quot;:&quot;px&quot;,&quot;size&quot;:10,&quot;sizes&quot;:[]},&quot;link_to&quot;:&quot;file&quot;,&quot;overlay_background&quot;:&quot;yes&quot;,&quot;content_hover_animation&quot;:&quot;fade-in&quot;}\" data-widget_type=\"gallery.default\">\n\t\t\t\t<div class=\"elementor-widget-container\">\n\t\t\t\t\t\t\t<div class=\"elementor-gallery__container\">\n\t\t\t\t\t\t\t<a class=\"e-gallery-item elementor-gallery-item elementor-animated-content\" href=\"https:\/\/proinad92.cat\/wp-content\/uploads\/2023\/06\/Foto-Ref.-10.jpg\" data-elementor-open-lightbox=\"yes\" data-elementor-lightbox-slideshow=\"05f50de\" data-elementor-lightbox-title=\"Foto Ref. 10\" data-e-action-hash=\"#elementor-action%3Aaction%3Dlightbox%26settings%3DeyJpZCI6MjI4LCJ1cmwiOiJodHRwczpcL1wvcHJvaW5hZDkyLmNhdFwvd3AtY29udGVudFwvdXBsb2Fkc1wvMjAyM1wvMDZcL0ZvdG8tUmVmLi0xMC5qcGciLCJzbGlkZXNob3ciOiIwNWY1MGRlIn0%3D\">\n\t\t\t\t\t<div class=\"e-gallery-image elementor-gallery-item__image\" data-thumbnail=\"https:\/\/proinad92.cat\/wp-content\/uploads\/2023\/06\/Foto-Ref.-10.jpg\" data-width=\"640\" data-height=\"480\" aria-label=\"Foto Ref. 10\" role=\"img\" ><\/div>\n\t\t\t\t\t\t\t\t\t\t\t<div class=\"elementor-gallery-item__overlay\"><\/div>\n\t\t\t\t\t\t\t\t\t\t\t\t\t\t<\/a>\n\t\t\t\t\t\t\t<a class=\"e-gallery-item elementor-gallery-item elementor-animated-content\" href=\"https:\/\/proinad92.cat\/wp-content\/uploads\/2023\/06\/Foto-Ref.-11.png\" data-elementor-open-lightbox=\"yes\" data-elementor-lightbox-slideshow=\"05f50de\" data-elementor-lightbox-title=\"Foto Ref. 11\" data-e-action-hash=\"#elementor-action%3Aaction%3Dlightbox%26settings%3DeyJpZCI6MjI3LCJ1cmwiOiJodHRwczpcL1wvcHJvaW5hZDkyLmNhdFwvd3AtY29udGVudFwvdXBsb2Fkc1wvMjAyM1wvMDZcL0ZvdG8tUmVmLi0xMS5wbmciLCJzbGlkZXNob3ciOiIwNWY1MGRlIn0%3D\">\n\t\t\t\t\t<div class=\"e-gallery-image elementor-gallery-item__image\" data-thumbnail=\"https:\/\/proinad92.cat\/wp-content\/uploads\/2023\/06\/Foto-Ref.-11.png\" data-width=\"517\" data-height=\"690\" aria-label=\"\" role=\"img\" ><\/div>\n\t\t\t\t\t\t\t\t\t\t\t<div class=\"elementor-gallery-item__overlay\"><\/div>\n\t\t\t\t\t\t\t\t\t\t\t\t\t\t<\/a>\n\t\t\t\t\t<\/div>\n\t\t\t\t\t<\/div>\n\t\t\t\t<\/div>\n\t\t\t\t\t<\/div>\n\t\t<\/div>\n\t\t\t\t\t<\/div>\n\t\t<\/section>\n\t\t\t\t<\/div>\n\t\t","protected":false},"excerpt":{"rendered":"<p>Consultor\u00eda T\u00e9cnica Consultor\u00eda T\u00e9cnica Las empresas necesitan a veces recursos adicionales para seguir adelante con proyectos especiales, documentaci\u00f3n t\u00e9cnica y documentaci\u00f3n de calidad involucrada en proyectos de ingenier\u00eda. Nuestra experiencia en proyectos puede ayudar a su equipo t\u00e9cnico durante el proceso inicial y durante el mismo Tenemos la capacidad de lograr resultados exitosos brindando cualquier [&hellip;]<\/p>\n","protected":false},"author":1,"featured_media":0,"parent":0,"menu_order":0,"comment_status":"closed","ping_status":"closed","template":"","meta":{"_joinchat":[],"footnotes":""},"class_list":["post-792","page","type-page","status-publish","hentry"],"yoast_head":"<!-- This site is optimized with the Yoast SEO plugin v25.2 - https:\/\/yoast.com\/wordpress\/plugins\/seo\/ -->\n<title>Consultor\u00eda T\u00e9cnica - Proinad92 SL<\/title>\n<meta name=\"robots\" content=\"index, follow, max-snippet:-1, max-image-preview:large, max-video-preview:-1\" \/>\n<link rel=\"canonical\" href=\"https:\/\/proinad92.cat\/es\/consultoria-tecnica\/\" \/>\n<meta property=\"og:locale\" content=\"es_ES\" \/>\n<meta property=\"og:type\" content=\"article\" \/>\n<meta property=\"og:title\" content=\"Consultor\u00eda T\u00e9cnica - Proinad92 SL\" \/>\n<meta property=\"og:description\" content=\"Consultor\u00eda T\u00e9cnica Consultor\u00eda T\u00e9cnica Las empresas necesitan a veces recursos adicionales para seguir adelante con proyectos especiales, documentaci\u00f3n t\u00e9cnica y documentaci\u00f3n de calidad involucrada en proyectos de ingenier\u00eda. Nuestra experiencia en proyectos puede ayudar a su equipo t\u00e9cnico durante el proceso inicial y durante el mismo Tenemos la capacidad de lograr resultados exitosos brindando cualquier [&hellip;]\" \/>\n<meta property=\"og:url\" content=\"https:\/\/proinad92.cat\/es\/consultoria-tecnica\/\" \/>\n<meta property=\"og:site_name\" content=\"Proinad92 SL\" \/>\n<meta property=\"article:modified_time\" content=\"2023-06-20T17:04:35+00:00\" \/>\n<meta name=\"twitter:card\" content=\"summary_large_image\" \/>\n<meta name=\"twitter:label1\" content=\"Tiempo de lectura\" \/>\n\t<meta name=\"twitter:data1\" content=\"1 minuto\" \/>\n<script type=\"application\/ld+json\" class=\"yoast-schema-graph\">{\"@context\":\"https:\/\/schema.org\",\"@graph\":[{\"@type\":\"WebPage\",\"@id\":\"https:\/\/proinad92.cat\/es\/consultoria-tecnica\/\",\"url\":\"https:\/\/proinad92.cat\/es\/consultoria-tecnica\/\",\"name\":\"Consultor\u00eda T\u00e9cnica - Proinad92 SL\",\"isPartOf\":{\"@id\":\"https:\/\/proinad92.cat\/#website\"},\"datePublished\":\"2023-06-08T13:05:15+00:00\",\"dateModified\":\"2023-06-20T17:04:35+00:00\",\"breadcrumb\":{\"@id\":\"https:\/\/proinad92.cat\/es\/consultoria-tecnica\/#breadcrumb\"},\"inLanguage\":\"es\",\"potentialAction\":[{\"@type\":\"ReadAction\",\"target\":[\"https:\/\/proinad92.cat\/es\/consultoria-tecnica\/\"]}]},{\"@type\":\"BreadcrumbList\",\"@id\":\"https:\/\/proinad92.cat\/es\/consultoria-tecnica\/#breadcrumb\",\"itemListElement\":[{\"@type\":\"ListItem\",\"position\":1,\"name\":\"Portada\",\"item\":\"https:\/\/proinad92.cat\/es\/\"},{\"@type\":\"ListItem\",\"position\":2,\"name\":\"Consultor\u00eda T\u00e9cnica\"}]},{\"@type\":\"WebSite\",\"@id\":\"https:\/\/proinad92.cat\/#website\",\"url\":\"https:\/\/proinad92.cat\/\",\"name\":\"Proinad92\",\"description\":\"\",\"publisher\":{\"@id\":\"https:\/\/proinad92.cat\/#organization\"},\"potentialAction\":[{\"@type\":\"SearchAction\",\"target\":{\"@type\":\"EntryPoint\",\"urlTemplate\":\"https:\/\/proinad92.cat\/?s={search_term_string}\"},\"query-input\":{\"@type\":\"PropertyValueSpecification\",\"valueRequired\":true,\"valueName\":\"search_term_string\"}}],\"inLanguage\":\"es\"},{\"@type\":\"Organization\",\"@id\":\"https:\/\/proinad92.cat\/#organization\",\"name\":\"Proinad92 SL\",\"url\":\"https:\/\/proinad92.cat\/\",\"logo\":{\"@type\":\"ImageObject\",\"inLanguage\":\"es\",\"@id\":\"https:\/\/proinad92.cat\/#\/schema\/logo\/image\/\",\"url\":\"https:\/\/proinad92.cat\/wp-content\/uploads\/2023\/06\/LogoProinad92.png\",\"contentUrl\":\"https:\/\/proinad92.cat\/wp-content\/uploads\/2023\/06\/LogoProinad92.png\",\"width\":1036,\"height\":286,\"caption\":\"Proinad92 SL\"},\"image\":{\"@id\":\"https:\/\/proinad92.cat\/#\/schema\/logo\/image\/\"}}]}<\/script>\n<!-- \/ Yoast SEO plugin. -->","yoast_head_json":{"title":"Consultor\u00eda T\u00e9cnica - Proinad92 SL","robots":{"index":"index","follow":"follow","max-snippet":"max-snippet:-1","max-image-preview":"max-image-preview:large","max-video-preview":"max-video-preview:-1"},"canonical":"https:\/\/proinad92.cat\/es\/consultoria-tecnica\/","og_locale":"es_ES","og_type":"article","og_title":"Consultor\u00eda T\u00e9cnica - Proinad92 SL","og_description":"Consultor\u00eda T\u00e9cnica Consultor\u00eda T\u00e9cnica Las empresas necesitan a veces recursos adicionales para seguir adelante con proyectos especiales, documentaci\u00f3n t\u00e9cnica y documentaci\u00f3n de calidad involucrada en proyectos de ingenier\u00eda. Nuestra experiencia en proyectos puede ayudar a su equipo t\u00e9cnico durante el proceso inicial y durante el mismo Tenemos la capacidad de lograr resultados exitosos brindando cualquier [&hellip;]","og_url":"https:\/\/proinad92.cat\/es\/consultoria-tecnica\/","og_site_name":"Proinad92 SL","article_modified_time":"2023-06-20T17:04:35+00:00","twitter_card":"summary_large_image","twitter_misc":{"Tiempo de lectura":"1 minuto"},"schema":{"@context":"https:\/\/schema.org","@graph":[{"@type":"WebPage","@id":"https:\/\/proinad92.cat\/es\/consultoria-tecnica\/","url":"https:\/\/proinad92.cat\/es\/consultoria-tecnica\/","name":"Consultor\u00eda T\u00e9cnica - Proinad92 SL","isPartOf":{"@id":"https:\/\/proinad92.cat\/#website"},"datePublished":"2023-06-08T13:05:15+00:00","dateModified":"2023-06-20T17:04:35+00:00","breadcrumb":{"@id":"https:\/\/proinad92.cat\/es\/consultoria-tecnica\/#breadcrumb"},"inLanguage":"es","potentialAction":[{"@type":"ReadAction","target":["https:\/\/proinad92.cat\/es\/consultoria-tecnica\/"]}]},{"@type":"BreadcrumbList","@id":"https:\/\/proinad92.cat\/es\/consultoria-tecnica\/#breadcrumb","itemListElement":[{"@type":"ListItem","position":1,"name":"Portada","item":"https:\/\/proinad92.cat\/es\/"},{"@type":"ListItem","position":2,"name":"Consultor\u00eda T\u00e9cnica"}]},{"@type":"WebSite","@id":"https:\/\/proinad92.cat\/#website","url":"https:\/\/proinad92.cat\/","name":"Proinad92","description":"","publisher":{"@id":"https:\/\/proinad92.cat\/#organization"},"potentialAction":[{"@type":"SearchAction","target":{"@type":"EntryPoint","urlTemplate":"https:\/\/proinad92.cat\/?s={search_term_string}"},"query-input":{"@type":"PropertyValueSpecification","valueRequired":true,"valueName":"search_term_string"}}],"inLanguage":"es"},{"@type":"Organization","@id":"https:\/\/proinad92.cat\/#organization","name":"Proinad92 SL","url":"https:\/\/proinad92.cat\/","logo":{"@type":"ImageObject","inLanguage":"es","@id":"https:\/\/proinad92.cat\/#\/schema\/logo\/image\/","url":"https:\/\/proinad92.cat\/wp-content\/uploads\/2023\/06\/LogoProinad92.png","contentUrl":"https:\/\/proinad92.cat\/wp-content\/uploads\/2023\/06\/LogoProinad92.png","width":1036,"height":286,"caption":"Proinad92 SL"},"image":{"@id":"https:\/\/proinad92.cat\/#\/schema\/logo\/image\/"}}]}},"_links":{"self":[{"href":"https:\/\/proinad92.cat\/es\/wp-json\/wp\/v2\/pages\/792","targetHints":{"allow":["GET"]}}],"collection":[{"href":"https:\/\/proinad92.cat\/es\/wp-json\/wp\/v2\/pages"}],"about":[{"href":"https:\/\/proinad92.cat\/es\/wp-json\/wp\/v2\/types\/page"}],"author":[{"embeddable":true,"href":"https:\/\/proinad92.cat\/es\/wp-json\/wp\/v2\/users\/1"}],"replies":[{"embeddable":true,"href":"https:\/\/proinad92.cat\/es\/wp-json\/wp\/v2\/comments?post=792"}],"version-history":[{"count":4,"href":"https:\/\/proinad92.cat\/es\/wp-json\/wp\/v2\/pages\/792\/revisions"}],"predecessor-version":[{"id":796,"href":"https:\/\/proinad92.cat\/es\/wp-json\/wp\/v2\/pages\/792\/revisions\/796"}],"wp:attachment":[{"href":"https:\/\/proinad92.cat\/es\/wp-json\/wp\/v2\/media?parent=792"}],"curies":[{"name":"wp","href":"https:\/\/api.w.org\/{rel}","templated":true}]}}