{"id":787,"date":"2023-06-08T15:04:42","date_gmt":"2023-06-08T13:04:42","guid":{"rendered":"https:\/\/proinad92.cat\/?page_id=787"},"modified":"2023-06-20T19:03:05","modified_gmt":"2023-06-20T17:03:05","slug":"ingenieria-y-diseno","status":"publish","type":"page","link":"https:\/\/proinad92.cat\/es\/ingenieria-y-diseno\/","title":{"rendered":"Ingenier\u00eda y Dise\u00f1o"},"content":{"rendered":"\t\t<div data-elementor-type=\"wp-page\" data-elementor-id=\"787\" class=\"elementor elementor-787 elementor-255\" data-elementor-post-type=\"page\">\n\t\t\t\t\t\t<section class=\"elementor-section elementor-top-section elementor-element elementor-element-4eb6e316 elementor-section-boxed elementor-section-height-default elementor-section-height-default\" data-id=\"4eb6e316\" data-element_type=\"section\" data-settings=\"{&quot;background_background&quot;:&quot;classic&quot;}\">\n\t\t\t\t\t\t\t<div class=\"elementor-background-overlay\"><\/div>\n\t\t\t\t\t\t\t<div class=\"elementor-container elementor-column-gap-default\">\n\t\t\t\t\t<div class=\"elementor-column elementor-col-100 elementor-top-column elementor-element elementor-element-2afa0c7a\" data-id=\"2afa0c7a\" data-element_type=\"column\">\n\t\t\t<div class=\"elementor-widget-wrap elementor-element-populated\">\n\t\t\t\t\t\t<div class=\"elementor-element elementor-element-1be17e1f elementor-invisible elementor-widget elementor-widget-heading\" data-id=\"1be17e1f\" data-element_type=\"widget\" data-settings=\"{&quot;_animation&quot;:&quot;fadeInUp&quot;}\" data-widget_type=\"heading.default\">\n\t\t\t\t<div class=\"elementor-widget-container\">\n\t\t\t\t\t<h1 class=\"elementor-heading-title elementor-size-default\">Ingenier\u00eda y Dise\u00f1o<\/h1>\t\t\t\t<\/div>\n\t\t\t\t<\/div>\n\t\t\t\t\t<\/div>\n\t\t<\/div>\n\t\t\t\t\t<\/div>\n\t\t<\/section>\n\t\t\t\t<section class=\"elementor-section elementor-top-section elementor-element elementor-element-7f05b58b elementor-reverse-tablet elementor-reverse-mobile elementor-section-boxed elementor-section-height-default elementor-section-height-default\" data-id=\"7f05b58b\" data-element_type=\"section\">\n\t\t\t\t\t\t<div class=\"elementor-container elementor-column-gap-default\">\n\t\t\t\t\t<div class=\"elementor-column elementor-col-100 elementor-top-column elementor-element elementor-element-6a56a36c elementor-invisible\" data-id=\"6a56a36c\" data-element_type=\"column\" data-settings=\"{&quot;background_background&quot;:&quot;classic&quot;,&quot;animation&quot;:&quot;fadeInRight&quot;}\">\n\t\t\t<div class=\"elementor-widget-wrap elementor-element-populated\">\n\t\t\t\t\t<div class=\"elementor-background-overlay\"><\/div>\n\t\t\t\t\t\t<div class=\"elementor-element elementor-element-687d81e2 elementor-widget elementor-widget-heading\" data-id=\"687d81e2\" data-element_type=\"widget\" data-widget_type=\"heading.default\">\n\t\t\t\t<div class=\"elementor-widget-container\">\n\t\t\t\t\t<h2 class=\"elementor-heading-title elementor-size-default\">Ingenier\u00eda y Dise\u00f1o<\/h2>\t\t\t\t<\/div>\n\t\t\t\t<\/div>\n\t\t\t\t<div class=\"elementor-element elementor-element-4a84f348 elementor-widget elementor-widget-text-editor\" data-id=\"4a84f348\" data-element_type=\"widget\" data-widget_type=\"text-editor.default\">\n\t\t\t\t<div class=\"elementor-widget-container\">\n\t\t\t\t\t\t\t\t\t<p>Muchos de nuestros clientes a nivel mundial, especialmente en los sectores de Oil &amp; Gas, Petroqu\u00edmica, requieren servicios adicionales para sus proyectos. Nuestro Departamento de Proyectos puede proporcionar servicios precisos a nuestros clientes as\u00ed como una gesti\u00f3n detallada de cada proyecto incluyendo dise\u00f1o b\u00e1sico, c\u00e1lculos mec\u00e1nicos, gesti\u00f3n de materias primas, inspecciones, certificados, legalizaci\u00f3n de documentos, servicios postventa, etc.<\/p>\t\t\t\t\t\t\t\t<\/div>\n\t\t\t\t<\/div>\n\t\t\t\t<div class=\"elementor-element elementor-element-e6dfaeb elementor-widget elementor-widget-gallery\" data-id=\"e6dfaeb\" data-element_type=\"widget\" data-settings=\"{&quot;columns&quot;:2,&quot;gap&quot;:{&quot;unit&quot;:&quot;px&quot;,&quot;size&quot;:50,&quot;sizes&quot;:[]},&quot;aspect_ratio&quot;:&quot;4:3&quot;,&quot;lazyload&quot;:&quot;yes&quot;,&quot;gallery_layout&quot;:&quot;grid&quot;,&quot;columns_tablet&quot;:2,&quot;columns_mobile&quot;:1,&quot;gap_tablet&quot;:{&quot;unit&quot;:&quot;px&quot;,&quot;size&quot;:10,&quot;sizes&quot;:[]},&quot;gap_mobile&quot;:{&quot;unit&quot;:&quot;px&quot;,&quot;size&quot;:10,&quot;sizes&quot;:[]},&quot;link_to&quot;:&quot;file&quot;,&quot;overlay_background&quot;:&quot;yes&quot;,&quot;content_hover_animation&quot;:&quot;fade-in&quot;}\" data-widget_type=\"gallery.default\">\n\t\t\t\t<div class=\"elementor-widget-container\">\n\t\t\t\t\t\t\t<div class=\"elementor-gallery__container\">\n\t\t\t\t\t\t\t<a class=\"e-gallery-item elementor-gallery-item elementor-animated-content\" href=\"https:\/\/proinad92.cat\/wp-content\/uploads\/2023\/06\/Foto-Ref.-08.png\" data-elementor-open-lightbox=\"yes\" data-elementor-lightbox-slideshow=\"e6dfaeb\" data-elementor-lightbox-title=\"Foto Ref. 08\" data-e-action-hash=\"#elementor-action%3Aaction%3Dlightbox%26settings%3DeyJpZCI6MjIyLCJ1cmwiOiJodHRwczpcL1wvcHJvaW5hZDkyLmNhdFwvd3AtY29udGVudFwvdXBsb2Fkc1wvMjAyM1wvMDZcL0ZvdG8tUmVmLi0wOC5wbmciLCJzbGlkZXNob3ciOiJlNmRmYWViIn0%3D\">\n\t\t\t\t\t<div class=\"e-gallery-image elementor-gallery-item__image\" data-thumbnail=\"https:\/\/proinad92.cat\/wp-content\/uploads\/2023\/06\/Foto-Ref.-08.png\" data-width=\"540\" data-height=\"603\" aria-label=\"Foto Ref. 08\" role=\"img\" ><\/div>\n\t\t\t\t\t\t\t\t\t\t\t<div class=\"elementor-gallery-item__overlay\"><\/div>\n\t\t\t\t\t\t\t\t\t\t\t\t\t\t<\/a>\n\t\t\t\t\t\t\t<a class=\"e-gallery-item elementor-gallery-item elementor-animated-content\" href=\"https:\/\/proinad92.cat\/wp-content\/uploads\/2023\/06\/Foto-Ref.-09.png\" data-elementor-open-lightbox=\"yes\" data-elementor-lightbox-slideshow=\"e6dfaeb\" data-elementor-lightbox-title=\"Foto Ref. 09\" data-e-action-hash=\"#elementor-action%3Aaction%3Dlightbox%26settings%3DeyJpZCI6MjIzLCJ1cmwiOiJodHRwczpcL1wvcHJvaW5hZDkyLmNhdFwvd3AtY29udGVudFwvdXBsb2Fkc1wvMjAyM1wvMDZcL0ZvdG8tUmVmLi0wOS5wbmciLCJzbGlkZXNob3ciOiJlNmRmYWViIn0%3D\">\n\t\t\t\t\t<div class=\"e-gallery-image elementor-gallery-item__image\" data-thumbnail=\"https:\/\/proinad92.cat\/wp-content\/uploads\/2023\/06\/Foto-Ref.-09.png\" data-width=\"959\" data-height=\"762\" aria-label=\"Foto Ref. 09\" role=\"img\" ><\/div>\n\t\t\t\t\t\t\t\t\t\t\t<div class=\"elementor-gallery-item__overlay\"><\/div>\n\t\t\t\t\t\t\t\t\t\t\t\t\t\t<\/a>\n\t\t\t\t\t<\/div>\n\t\t\t\t\t<\/div>\n\t\t\t\t<\/div>\n\t\t\t\t\t<\/div>\n\t\t<\/div>\n\t\t\t\t\t<\/div>\n\t\t<\/section>\n\t\t\t\t<\/div>\n\t\t","protected":false},"excerpt":{"rendered":"<p>Ingenier\u00eda y Dise\u00f1o Ingenier\u00eda y Dise\u00f1o Muchos de nuestros clientes a nivel mundial, especialmente en los sectores de Oil &amp; Gas, Petroqu\u00edmica, requieren servicios adicionales para sus proyectos. Nuestro Departamento de Proyectos puede proporcionar servicios precisos a nuestros clientes as\u00ed como una gesti\u00f3n detallada de cada proyecto incluyendo dise\u00f1o b\u00e1sico, c\u00e1lculos mec\u00e1nicos, gesti\u00f3n de materias [&hellip;]<\/p>\n","protected":false},"author":1,"featured_media":0,"parent":0,"menu_order":0,"comment_status":"closed","ping_status":"closed","template":"","meta":{"_joinchat":[],"footnotes":""},"class_list":["post-787","page","type-page","status-publish","hentry"],"yoast_head":"<!-- This site is optimized with the Yoast SEO plugin v25.2 - https:\/\/yoast.com\/wordpress\/plugins\/seo\/ -->\n<title>Ingenier\u00eda y Dise\u00f1o - Proinad92 SL<\/title>\n<meta name=\"robots\" content=\"index, follow, max-snippet:-1, max-image-preview:large, max-video-preview:-1\" \/>\n<link rel=\"canonical\" href=\"https:\/\/proinad92.cat\/es\/ingenieria-y-diseno\/\" \/>\n<meta property=\"og:locale\" content=\"es_ES\" \/>\n<meta property=\"og:type\" content=\"article\" \/>\n<meta property=\"og:title\" content=\"Ingenier\u00eda y Dise\u00f1o - Proinad92 SL\" \/>\n<meta property=\"og:description\" content=\"Ingenier\u00eda y Dise\u00f1o Ingenier\u00eda y Dise\u00f1o Muchos de nuestros clientes a nivel mundial, especialmente en los sectores de Oil &amp; Gas, Petroqu\u00edmica, requieren servicios adicionales para sus proyectos. Nuestro Departamento de Proyectos puede proporcionar servicios precisos a nuestros clientes as\u00ed como una gesti\u00f3n detallada de cada proyecto incluyendo dise\u00f1o b\u00e1sico, c\u00e1lculos mec\u00e1nicos, gesti\u00f3n de materias [&hellip;]\" \/>\n<meta property=\"og:url\" content=\"https:\/\/proinad92.cat\/es\/ingenieria-y-diseno\/\" \/>\n<meta property=\"og:site_name\" content=\"Proinad92 SL\" \/>\n<meta property=\"article:modified_time\" content=\"2023-06-20T17:03:05+00:00\" \/>\n<meta name=\"twitter:card\" content=\"summary_large_image\" \/>\n<meta name=\"twitter:label1\" content=\"Tiempo de lectura\" \/>\n\t<meta name=\"twitter:data1\" content=\"1 minuto\" \/>\n<script type=\"application\/ld+json\" class=\"yoast-schema-graph\">{\"@context\":\"https:\/\/schema.org\",\"@graph\":[{\"@type\":\"WebPage\",\"@id\":\"https:\/\/proinad92.cat\/es\/ingenieria-y-diseno\/\",\"url\":\"https:\/\/proinad92.cat\/es\/ingenieria-y-diseno\/\",\"name\":\"Ingenier\u00eda y Dise\u00f1o - Proinad92 SL\",\"isPartOf\":{\"@id\":\"https:\/\/proinad92.cat\/#website\"},\"datePublished\":\"2023-06-08T13:04:42+00:00\",\"dateModified\":\"2023-06-20T17:03:05+00:00\",\"breadcrumb\":{\"@id\":\"https:\/\/proinad92.cat\/es\/ingenieria-y-diseno\/#breadcrumb\"},\"inLanguage\":\"es\",\"potentialAction\":[{\"@type\":\"ReadAction\",\"target\":[\"https:\/\/proinad92.cat\/es\/ingenieria-y-diseno\/\"]}]},{\"@type\":\"BreadcrumbList\",\"@id\":\"https:\/\/proinad92.cat\/es\/ingenieria-y-diseno\/#breadcrumb\",\"itemListElement\":[{\"@type\":\"ListItem\",\"position\":1,\"name\":\"Portada\",\"item\":\"https:\/\/proinad92.cat\/es\/\"},{\"@type\":\"ListItem\",\"position\":2,\"name\":\"Ingenier\u00eda y Dise\u00f1o\"}]},{\"@type\":\"WebSite\",\"@id\":\"https:\/\/proinad92.cat\/#website\",\"url\":\"https:\/\/proinad92.cat\/\",\"name\":\"Proinad92\",\"description\":\"\",\"publisher\":{\"@id\":\"https:\/\/proinad92.cat\/#organization\"},\"potentialAction\":[{\"@type\":\"SearchAction\",\"target\":{\"@type\":\"EntryPoint\",\"urlTemplate\":\"https:\/\/proinad92.cat\/?s={search_term_string}\"},\"query-input\":{\"@type\":\"PropertyValueSpecification\",\"valueRequired\":true,\"valueName\":\"search_term_string\"}}],\"inLanguage\":\"es\"},{\"@type\":\"Organization\",\"@id\":\"https:\/\/proinad92.cat\/#organization\",\"name\":\"Proinad92 SL\",\"url\":\"https:\/\/proinad92.cat\/\",\"logo\":{\"@type\":\"ImageObject\",\"inLanguage\":\"es\",\"@id\":\"https:\/\/proinad92.cat\/#\/schema\/logo\/image\/\",\"url\":\"https:\/\/proinad92.cat\/wp-content\/uploads\/2023\/06\/LogoProinad92.png\",\"contentUrl\":\"https:\/\/proinad92.cat\/wp-content\/uploads\/2023\/06\/LogoProinad92.png\",\"width\":1036,\"height\":286,\"caption\":\"Proinad92 SL\"},\"image\":{\"@id\":\"https:\/\/proinad92.cat\/#\/schema\/logo\/image\/\"}}]}<\/script>\n<!-- \/ Yoast SEO plugin. -->","yoast_head_json":{"title":"Ingenier\u00eda y Dise\u00f1o - Proinad92 SL","robots":{"index":"index","follow":"follow","max-snippet":"max-snippet:-1","max-image-preview":"max-image-preview:large","max-video-preview":"max-video-preview:-1"},"canonical":"https:\/\/proinad92.cat\/es\/ingenieria-y-diseno\/","og_locale":"es_ES","og_type":"article","og_title":"Ingenier\u00eda y Dise\u00f1o - Proinad92 SL","og_description":"Ingenier\u00eda y Dise\u00f1o Ingenier\u00eda y Dise\u00f1o Muchos de nuestros clientes a nivel mundial, especialmente en los sectores de Oil &amp; Gas, Petroqu\u00edmica, requieren servicios adicionales para sus proyectos. Nuestro Departamento de Proyectos puede proporcionar servicios precisos a nuestros clientes as\u00ed como una gesti\u00f3n detallada de cada proyecto incluyendo dise\u00f1o b\u00e1sico, c\u00e1lculos mec\u00e1nicos, gesti\u00f3n de materias [&hellip;]","og_url":"https:\/\/proinad92.cat\/es\/ingenieria-y-diseno\/","og_site_name":"Proinad92 SL","article_modified_time":"2023-06-20T17:03:05+00:00","twitter_card":"summary_large_image","twitter_misc":{"Tiempo de lectura":"1 minuto"},"schema":{"@context":"https:\/\/schema.org","@graph":[{"@type":"WebPage","@id":"https:\/\/proinad92.cat\/es\/ingenieria-y-diseno\/","url":"https:\/\/proinad92.cat\/es\/ingenieria-y-diseno\/","name":"Ingenier\u00eda y Dise\u00f1o - Proinad92 SL","isPartOf":{"@id":"https:\/\/proinad92.cat\/#website"},"datePublished":"2023-06-08T13:04:42+00:00","dateModified":"2023-06-20T17:03:05+00:00","breadcrumb":{"@id":"https:\/\/proinad92.cat\/es\/ingenieria-y-diseno\/#breadcrumb"},"inLanguage":"es","potentialAction":[{"@type":"ReadAction","target":["https:\/\/proinad92.cat\/es\/ingenieria-y-diseno\/"]}]},{"@type":"BreadcrumbList","@id":"https:\/\/proinad92.cat\/es\/ingenieria-y-diseno\/#breadcrumb","itemListElement":[{"@type":"ListItem","position":1,"name":"Portada","item":"https:\/\/proinad92.cat\/es\/"},{"@type":"ListItem","position":2,"name":"Ingenier\u00eda y Dise\u00f1o"}]},{"@type":"WebSite","@id":"https:\/\/proinad92.cat\/#website","url":"https:\/\/proinad92.cat\/","name":"Proinad92","description":"","publisher":{"@id":"https:\/\/proinad92.cat\/#organization"},"potentialAction":[{"@type":"SearchAction","target":{"@type":"EntryPoint","urlTemplate":"https:\/\/proinad92.cat\/?s={search_term_string}"},"query-input":{"@type":"PropertyValueSpecification","valueRequired":true,"valueName":"search_term_string"}}],"inLanguage":"es"},{"@type":"Organization","@id":"https:\/\/proinad92.cat\/#organization","name":"Proinad92 SL","url":"https:\/\/proinad92.cat\/","logo":{"@type":"ImageObject","inLanguage":"es","@id":"https:\/\/proinad92.cat\/#\/schema\/logo\/image\/","url":"https:\/\/proinad92.cat\/wp-content\/uploads\/2023\/06\/LogoProinad92.png","contentUrl":"https:\/\/proinad92.cat\/wp-content\/uploads\/2023\/06\/LogoProinad92.png","width":1036,"height":286,"caption":"Proinad92 SL"},"image":{"@id":"https:\/\/proinad92.cat\/#\/schema\/logo\/image\/"}}]}},"_links":{"self":[{"href":"https:\/\/proinad92.cat\/es\/wp-json\/wp\/v2\/pages\/787","targetHints":{"allow":["GET"]}}],"collection":[{"href":"https:\/\/proinad92.cat\/es\/wp-json\/wp\/v2\/pages"}],"about":[{"href":"https:\/\/proinad92.cat\/es\/wp-json\/wp\/v2\/types\/page"}],"author":[{"embeddable":true,"href":"https:\/\/proinad92.cat\/es\/wp-json\/wp\/v2\/users\/1"}],"replies":[{"embeddable":true,"href":"https:\/\/proinad92.cat\/es\/wp-json\/wp\/v2\/comments?post=787"}],"version-history":[{"count":4,"href":"https:\/\/proinad92.cat\/es\/wp-json\/wp\/v2\/pages\/787\/revisions"}],"predecessor-version":[{"id":791,"href":"https:\/\/proinad92.cat\/es\/wp-json\/wp\/v2\/pages\/787\/revisions\/791"}],"wp:attachment":[{"href":"https:\/\/proinad92.cat\/es\/wp-json\/wp\/v2\/media?parent=787"}],"curies":[{"name":"wp","href":"https:\/\/api.w.org\/{rel}","templated":true}]}}