{"id":714,"date":"2023-06-19T22:11:12","date_gmt":"2023-06-19T20:11:12","guid":{"rendered":"https:\/\/proinad92.cat\/?page_id=714"},"modified":"2023-06-19T22:12:53","modified_gmt":"2023-06-19T20:12:53","slug":"prescripcion-y-adquisicion","status":"publish","type":"page","link":"https:\/\/proinad92.cat\/es\/prescripcion-y-adquisicion\/","title":{"rendered":"Prescripci\u00f3n y Adquisici\u00f3n"},"content":{"rendered":"\t\t<div data-elementor-type=\"wp-page\" data-elementor-id=\"714\" class=\"elementor elementor-714\" data-elementor-post-type=\"page\">\n\t\t\t\t\t\t<section class=\"elementor-section elementor-top-section elementor-element elementor-element-1fa7a2f3 elementor-section-boxed elementor-section-height-default elementor-section-height-default\" data-id=\"1fa7a2f3\" data-element_type=\"section\" data-settings=\"{&quot;background_background&quot;:&quot;classic&quot;}\">\n\t\t\t\t\t\t\t<div class=\"elementor-background-overlay\"><\/div>\n\t\t\t\t\t\t\t<div class=\"elementor-container elementor-column-gap-default\">\n\t\t\t\t\t<div class=\"elementor-column elementor-col-100 elementor-top-column elementor-element elementor-element-3cef66de\" data-id=\"3cef66de\" data-element_type=\"column\">\n\t\t\t<div class=\"elementor-widget-wrap elementor-element-populated\">\n\t\t\t\t\t\t<div class=\"elementor-element elementor-element-31cb9cb6 elementor-invisible elementor-widget elementor-widget-heading\" data-id=\"31cb9cb6\" data-element_type=\"widget\" data-settings=\"{&quot;_animation&quot;:&quot;fadeInUp&quot;}\" data-widget_type=\"heading.default\">\n\t\t\t\t<div class=\"elementor-widget-container\">\n\t\t\t\t\t<h1 class=\"elementor-heading-title elementor-size-default\">Prescripci\u00f3n y Adquisici\u00f3n<\/h1>\t\t\t\t<\/div>\n\t\t\t\t<\/div>\n\t\t\t\t\t<\/div>\n\t\t<\/div>\n\t\t\t\t\t<\/div>\n\t\t<\/section>\n\t\t\t\t<section class=\"elementor-section elementor-top-section elementor-element elementor-element-42e33d53 elementor-reverse-tablet elementor-reverse-mobile elementor-section-boxed elementor-section-height-default elementor-section-height-default\" data-id=\"42e33d53\" data-element_type=\"section\">\n\t\t\t\t\t\t<div class=\"elementor-container elementor-column-gap-default\">\n\t\t\t\t\t<div class=\"elementor-column elementor-col-50 elementor-top-column elementor-element elementor-element-16afd6cc elementor-invisible\" data-id=\"16afd6cc\" data-element_type=\"column\" data-settings=\"{&quot;animation&quot;:&quot;fadeInLeft&quot;}\">\n\t\t\t<div class=\"elementor-widget-wrap elementor-element-populated\">\n\t\t\t\t\t\t<div class=\"elementor-element elementor-element-34b2f942 elementor-widget elementor-widget-image\" data-id=\"34b2f942\" data-element_type=\"widget\" data-widget_type=\"image.default\">\n\t\t\t\t<div class=\"elementor-widget-container\">\n\t\t\t\t\t\t\t\t\t\t\t\t\t\t\t<img fetchpriority=\"high\" decoding=\"async\" width=\"1080\" height=\"720\" src=\"https:\/\/proinad92.cat\/wp-content\/uploads\/2023\/06\/industrial-plant-at-night.jpg\" class=\"attachment-full size-full wp-image-101\" alt=\"\" srcset=\"https:\/\/proinad92.cat\/wp-content\/uploads\/2023\/06\/industrial-plant-at-night.jpg 1080w, https:\/\/proinad92.cat\/wp-content\/uploads\/2023\/06\/industrial-plant-at-night-300x200.jpg 300w, https:\/\/proinad92.cat\/wp-content\/uploads\/2023\/06\/industrial-plant-at-night-1024x683.jpg 1024w, https:\/\/proinad92.cat\/wp-content\/uploads\/2023\/06\/industrial-plant-at-night-768x512.jpg 768w\" sizes=\"(max-width: 1080px) 100vw, 1080px\" \/>\t\t\t\t\t\t\t\t\t\t\t\t\t\t\t<\/div>\n\t\t\t\t<\/div>\n\t\t\t\t\t<\/div>\n\t\t<\/div>\n\t\t\t\t<div class=\"elementor-column elementor-col-50 elementor-top-column elementor-element elementor-element-2cb52b86 elementor-invisible\" data-id=\"2cb52b86\" data-element_type=\"column\" data-settings=\"{&quot;background_background&quot;:&quot;classic&quot;,&quot;animation&quot;:&quot;fadeInRight&quot;}\">\n\t\t\t<div class=\"elementor-widget-wrap elementor-element-populated\">\n\t\t\t\t\t<div class=\"elementor-background-overlay\"><\/div>\n\t\t\t\t\t\t<div class=\"elementor-element elementor-element-511e94d5 elementor-widget elementor-widget-heading\" data-id=\"511e94d5\" data-element_type=\"widget\" data-widget_type=\"heading.default\">\n\t\t\t\t<div class=\"elementor-widget-container\">\n\t\t\t\t\t<h6 class=\"elementor-heading-title elementor-size-default\">RFQ<\/h6>\t\t\t\t<\/div>\n\t\t\t\t<\/div>\n\t\t\t\t<div class=\"elementor-element elementor-element-1f400c82 elementor-widget elementor-widget-text-editor\" data-id=\"1f400c82\" data-element_type=\"widget\" data-widget_type=\"text-editor.default\">\n\t\t\t\t<div class=\"elementor-widget-container\">\n\t\t\t\t\t\t\t\t\t<p><strong>Prescripci\u00f3n y Adquisici\u00f3n<\/strong><\/p><p>Evaluaci\u00f3n de Fichas t\u00e9cnicas y selecci\u00f3n de producto a partir de Especificaciones y prescripci\u00f3n de v\u00e1lvulas seg\u00fan servicio, requisitos de calidad y caracter\u00edsticas t\u00e9cnicas,<\/p><p>B\u00fasqueda de los mejores precios con los equipos disponibles y adecuados al proyecto a cargo<\/p><p>Evaluaci\u00f3n de Datos T\u00e9cnicos, Selecci\u00f3n de Producto<\/p><p>MR-VDDR-VDDL- Contratos, Garant\u00edas de cumplimiento<\/p><p><strong>Pedido,<\/strong><\/p><p>Confirmaci\u00f3n de la orden de compra y manejo de los pedidos t\u00e9cnicos<\/p><p>K.O.M. Diagrama de Gant. Definici\u00f3n\/ creaci\u00f3n del ITP (Inspecci\u00f3n Test Plan )<\/p><p><strong>\u00a0<\/strong><strong>Documentaci\u00f3n<\/strong><\/p><p>Dossier del Proyecto- Gesti\u00f3n de los datos de las v\u00e1lvulas<\/p><p><strong>\u00a0<\/strong><\/p>\t\t\t\t\t\t\t\t<\/div>\n\t\t\t\t<\/div>\n\t\t\t\t\t<\/div>\n\t\t<\/div>\n\t\t\t\t\t<\/div>\n\t\t<\/section>\n\t\t\t\t<\/div>\n\t\t","protected":false},"excerpt":{"rendered":"<p>Prescripci\u00f3n y Adquisici\u00f3n RFQ Prescripci\u00f3n y Adquisici\u00f3n Evaluaci\u00f3n de Fichas t\u00e9cnicas y selecci\u00f3n de producto a partir de Especificaciones y prescripci\u00f3n de v\u00e1lvulas seg\u00fan servicio, requisitos de calidad y caracter\u00edsticas t\u00e9cnicas, B\u00fasqueda de los mejores precios con los equipos disponibles y adecuados al proyecto a cargo Evaluaci\u00f3n de Datos T\u00e9cnicos, Selecci\u00f3n de Producto MR-VDDR-VDDL- Contratos, [&hellip;]<\/p>\n","protected":false},"author":1,"featured_media":0,"parent":0,"menu_order":0,"comment_status":"closed","ping_status":"closed","template":"","meta":{"_joinchat":[],"footnotes":""},"class_list":["post-714","page","type-page","status-publish","hentry"],"yoast_head":"<!-- This site is optimized with the Yoast SEO plugin v25.2 - https:\/\/yoast.com\/wordpress\/plugins\/seo\/ -->\n<title>Prescripci\u00f3n y Adquisici\u00f3n - Proinad92 SL<\/title>\n<meta name=\"robots\" content=\"index, follow, max-snippet:-1, max-image-preview:large, max-video-preview:-1\" \/>\n<link rel=\"canonical\" href=\"https:\/\/proinad92.cat\/es\/prescripcion-y-adquisicion\/\" \/>\n<meta property=\"og:locale\" content=\"es_ES\" \/>\n<meta property=\"og:type\" content=\"article\" \/>\n<meta property=\"og:title\" content=\"Prescripci\u00f3n y Adquisici\u00f3n - Proinad92 SL\" \/>\n<meta property=\"og:description\" content=\"Prescripci\u00f3n y Adquisici\u00f3n RFQ Prescripci\u00f3n y Adquisici\u00f3n Evaluaci\u00f3n de Fichas t\u00e9cnicas y selecci\u00f3n de producto a partir de Especificaciones y prescripci\u00f3n de v\u00e1lvulas seg\u00fan servicio, requisitos de calidad y caracter\u00edsticas t\u00e9cnicas, B\u00fasqueda de los mejores precios con los equipos disponibles y adecuados al proyecto a cargo Evaluaci\u00f3n de Datos T\u00e9cnicos, Selecci\u00f3n de Producto MR-VDDR-VDDL- Contratos, [&hellip;]\" \/>\n<meta property=\"og:url\" content=\"https:\/\/proinad92.cat\/es\/prescripcion-y-adquisicion\/\" \/>\n<meta property=\"og:site_name\" content=\"Proinad92 SL\" \/>\n<meta property=\"article:modified_time\" content=\"2023-06-19T20:12:53+00:00\" \/>\n<meta property=\"og:image\" content=\"https:\/\/proinad92.cat\/wp-content\/uploads\/2023\/06\/industrial-plant-at-night.jpg\" \/>\n<meta name=\"twitter:card\" content=\"summary_large_image\" \/>\n<meta name=\"twitter:label1\" content=\"Tiempo de lectura\" \/>\n\t<meta name=\"twitter:data1\" content=\"1 minuto\" \/>\n<script type=\"application\/ld+json\" class=\"yoast-schema-graph\">{\"@context\":\"https:\/\/schema.org\",\"@graph\":[{\"@type\":\"WebPage\",\"@id\":\"https:\/\/proinad92.cat\/es\/prescripcion-y-adquisicion\/\",\"url\":\"https:\/\/proinad92.cat\/es\/prescripcion-y-adquisicion\/\",\"name\":\"Prescripci\u00f3n y Adquisici\u00f3n - Proinad92 SL\",\"isPartOf\":{\"@id\":\"https:\/\/proinad92.cat\/#website\"},\"primaryImageOfPage\":{\"@id\":\"https:\/\/proinad92.cat\/es\/prescripcion-y-adquisicion\/#primaryimage\"},\"image\":{\"@id\":\"https:\/\/proinad92.cat\/es\/prescripcion-y-adquisicion\/#primaryimage\"},\"thumbnailUrl\":\"https:\/\/proinad92.cat\/wp-content\/uploads\/2023\/06\/industrial-plant-at-night.jpg\",\"datePublished\":\"2023-06-19T20:11:12+00:00\",\"dateModified\":\"2023-06-19T20:12:53+00:00\",\"breadcrumb\":{\"@id\":\"https:\/\/proinad92.cat\/es\/prescripcion-y-adquisicion\/#breadcrumb\"},\"inLanguage\":\"es\",\"potentialAction\":[{\"@type\":\"ReadAction\",\"target\":[\"https:\/\/proinad92.cat\/es\/prescripcion-y-adquisicion\/\"]}]},{\"@type\":\"ImageObject\",\"inLanguage\":\"es\",\"@id\":\"https:\/\/proinad92.cat\/es\/prescripcion-y-adquisicion\/#primaryimage\",\"url\":\"https:\/\/proinad92.cat\/wp-content\/uploads\/2023\/06\/industrial-plant-at-night.jpg\",\"contentUrl\":\"https:\/\/proinad92.cat\/wp-content\/uploads\/2023\/06\/industrial-plant-at-night.jpg\"},{\"@type\":\"BreadcrumbList\",\"@id\":\"https:\/\/proinad92.cat\/es\/prescripcion-y-adquisicion\/#breadcrumb\",\"itemListElement\":[{\"@type\":\"ListItem\",\"position\":1,\"name\":\"Portada\",\"item\":\"https:\/\/proinad92.cat\/es\/\"},{\"@type\":\"ListItem\",\"position\":2,\"name\":\"Prescripci\u00f3n y Adquisici\u00f3n\"}]},{\"@type\":\"WebSite\",\"@id\":\"https:\/\/proinad92.cat\/#website\",\"url\":\"https:\/\/proinad92.cat\/\",\"name\":\"Proinad92\",\"description\":\"\",\"publisher\":{\"@id\":\"https:\/\/proinad92.cat\/#organization\"},\"potentialAction\":[{\"@type\":\"SearchAction\",\"target\":{\"@type\":\"EntryPoint\",\"urlTemplate\":\"https:\/\/proinad92.cat\/?s={search_term_string}\"},\"query-input\":{\"@type\":\"PropertyValueSpecification\",\"valueRequired\":true,\"valueName\":\"search_term_string\"}}],\"inLanguage\":\"es\"},{\"@type\":\"Organization\",\"@id\":\"https:\/\/proinad92.cat\/#organization\",\"name\":\"Proinad92 SL\",\"url\":\"https:\/\/proinad92.cat\/\",\"logo\":{\"@type\":\"ImageObject\",\"inLanguage\":\"es\",\"@id\":\"https:\/\/proinad92.cat\/#\/schema\/logo\/image\/\",\"url\":\"https:\/\/proinad92.cat\/wp-content\/uploads\/2023\/06\/LogoProinad92.png\",\"contentUrl\":\"https:\/\/proinad92.cat\/wp-content\/uploads\/2023\/06\/LogoProinad92.png\",\"width\":1036,\"height\":286,\"caption\":\"Proinad92 SL\"},\"image\":{\"@id\":\"https:\/\/proinad92.cat\/#\/schema\/logo\/image\/\"}}]}<\/script>\n<!-- \/ Yoast SEO plugin. -->","yoast_head_json":{"title":"Prescripci\u00f3n y Adquisici\u00f3n - Proinad92 SL","robots":{"index":"index","follow":"follow","max-snippet":"max-snippet:-1","max-image-preview":"max-image-preview:large","max-video-preview":"max-video-preview:-1"},"canonical":"https:\/\/proinad92.cat\/es\/prescripcion-y-adquisicion\/","og_locale":"es_ES","og_type":"article","og_title":"Prescripci\u00f3n y Adquisici\u00f3n - Proinad92 SL","og_description":"Prescripci\u00f3n y Adquisici\u00f3n RFQ Prescripci\u00f3n y Adquisici\u00f3n Evaluaci\u00f3n de Fichas t\u00e9cnicas y selecci\u00f3n de producto a partir de Especificaciones y prescripci\u00f3n de v\u00e1lvulas seg\u00fan servicio, requisitos de calidad y caracter\u00edsticas t\u00e9cnicas, B\u00fasqueda de los mejores precios con los equipos disponibles y adecuados al proyecto a cargo Evaluaci\u00f3n de Datos T\u00e9cnicos, Selecci\u00f3n de Producto MR-VDDR-VDDL- Contratos, [&hellip;]","og_url":"https:\/\/proinad92.cat\/es\/prescripcion-y-adquisicion\/","og_site_name":"Proinad92 SL","article_modified_time":"2023-06-19T20:12:53+00:00","og_image":[{"url":"https:\/\/proinad92.cat\/wp-content\/uploads\/2023\/06\/industrial-plant-at-night.jpg","type":"","width":"","height":""}],"twitter_card":"summary_large_image","twitter_misc":{"Tiempo de lectura":"1 minuto"},"schema":{"@context":"https:\/\/schema.org","@graph":[{"@type":"WebPage","@id":"https:\/\/proinad92.cat\/es\/prescripcion-y-adquisicion\/","url":"https:\/\/proinad92.cat\/es\/prescripcion-y-adquisicion\/","name":"Prescripci\u00f3n y Adquisici\u00f3n - Proinad92 SL","isPartOf":{"@id":"https:\/\/proinad92.cat\/#website"},"primaryImageOfPage":{"@id":"https:\/\/proinad92.cat\/es\/prescripcion-y-adquisicion\/#primaryimage"},"image":{"@id":"https:\/\/proinad92.cat\/es\/prescripcion-y-adquisicion\/#primaryimage"},"thumbnailUrl":"https:\/\/proinad92.cat\/wp-content\/uploads\/2023\/06\/industrial-plant-at-night.jpg","datePublished":"2023-06-19T20:11:12+00:00","dateModified":"2023-06-19T20:12:53+00:00","breadcrumb":{"@id":"https:\/\/proinad92.cat\/es\/prescripcion-y-adquisicion\/#breadcrumb"},"inLanguage":"es","potentialAction":[{"@type":"ReadAction","target":["https:\/\/proinad92.cat\/es\/prescripcion-y-adquisicion\/"]}]},{"@type":"ImageObject","inLanguage":"es","@id":"https:\/\/proinad92.cat\/es\/prescripcion-y-adquisicion\/#primaryimage","url":"https:\/\/proinad92.cat\/wp-content\/uploads\/2023\/06\/industrial-plant-at-night.jpg","contentUrl":"https:\/\/proinad92.cat\/wp-content\/uploads\/2023\/06\/industrial-plant-at-night.jpg"},{"@type":"BreadcrumbList","@id":"https:\/\/proinad92.cat\/es\/prescripcion-y-adquisicion\/#breadcrumb","itemListElement":[{"@type":"ListItem","position":1,"name":"Portada","item":"https:\/\/proinad92.cat\/es\/"},{"@type":"ListItem","position":2,"name":"Prescripci\u00f3n y Adquisici\u00f3n"}]},{"@type":"WebSite","@id":"https:\/\/proinad92.cat\/#website","url":"https:\/\/proinad92.cat\/","name":"Proinad92","description":"","publisher":{"@id":"https:\/\/proinad92.cat\/#organization"},"potentialAction":[{"@type":"SearchAction","target":{"@type":"EntryPoint","urlTemplate":"https:\/\/proinad92.cat\/?s={search_term_string}"},"query-input":{"@type":"PropertyValueSpecification","valueRequired":true,"valueName":"search_term_string"}}],"inLanguage":"es"},{"@type":"Organization","@id":"https:\/\/proinad92.cat\/#organization","name":"Proinad92 SL","url":"https:\/\/proinad92.cat\/","logo":{"@type":"ImageObject","inLanguage":"es","@id":"https:\/\/proinad92.cat\/#\/schema\/logo\/image\/","url":"https:\/\/proinad92.cat\/wp-content\/uploads\/2023\/06\/LogoProinad92.png","contentUrl":"https:\/\/proinad92.cat\/wp-content\/uploads\/2023\/06\/LogoProinad92.png","width":1036,"height":286,"caption":"Proinad92 SL"},"image":{"@id":"https:\/\/proinad92.cat\/#\/schema\/logo\/image\/"}}]}},"_links":{"self":[{"href":"https:\/\/proinad92.cat\/es\/wp-json\/wp\/v2\/pages\/714","targetHints":{"allow":["GET"]}}],"collection":[{"href":"https:\/\/proinad92.cat\/es\/wp-json\/wp\/v2\/pages"}],"about":[{"href":"https:\/\/proinad92.cat\/es\/wp-json\/wp\/v2\/types\/page"}],"author":[{"embeddable":true,"href":"https:\/\/proinad92.cat\/es\/wp-json\/wp\/v2\/users\/1"}],"replies":[{"embeddable":true,"href":"https:\/\/proinad92.cat\/es\/wp-json\/wp\/v2\/comments?post=714"}],"version-history":[{"count":5,"href":"https:\/\/proinad92.cat\/es\/wp-json\/wp\/v2\/pages\/714\/revisions"}],"predecessor-version":[{"id":720,"href":"https:\/\/proinad92.cat\/es\/wp-json\/wp\/v2\/pages\/714\/revisions\/720"}],"wp:attachment":[{"href":"https:\/\/proinad92.cat\/es\/wp-json\/wp\/v2\/media?parent=714"}],"curies":[{"name":"wp","href":"https:\/\/api.w.org\/{rel}","templated":true}]}}