{"id":678,"date":"2023-06-05T12:32:34","date_gmt":"2023-06-05T10:32:34","guid":{"rendered":"https:\/\/proinad92.cat\/inicio-2\/"},"modified":"2025-04-27T02:41:30","modified_gmt":"2025-04-27T00:41:30","slug":"inicio-2","status":"publish","type":"page","link":"https:\/\/proinad92.cat\/es\/","title":{"rendered":"Inicio"},"content":{"rendered":"\t\t<div data-elementor-type=\"wp-page\" data-elementor-id=\"678\" class=\"elementor elementor-678 elementor-12\" data-elementor-post-type=\"page\">\n\t\t\t\t\t\t<section class=\"elementor-section elementor-top-section elementor-element elementor-element-51684e39 elementor-section-boxed elementor-section-height-default elementor-section-height-default\" data-id=\"51684e39\" data-element_type=\"section\" data-settings=\"{&quot;background_background&quot;:&quot;classic&quot;}\">\n\t\t\t\t\t\t\t<div class=\"elementor-background-overlay\"><\/div>\n\t\t\t\t\t\t\t<div class=\"elementor-container elementor-column-gap-default\">\n\t\t\t\t\t<div class=\"elementor-column elementor-col-100 elementor-top-column elementor-element elementor-element-5d073105\" data-id=\"5d073105\" data-element_type=\"column\">\n\t\t\t<div class=\"elementor-widget-wrap elementor-element-populated\">\n\t\t\t\t\t\t<div class=\"elementor-element elementor-element-309c4b9e elementor-invisible elementor-widget elementor-widget-heading\" data-id=\"309c4b9e\" data-element_type=\"widget\" data-settings=\"{&quot;_animation&quot;:&quot;fadeInUp&quot;}\" data-widget_type=\"heading.default\">\n\t\t\t\t<div class=\"elementor-widget-container\">\n\t\t\t\t\t<h1 class=\"elementor-heading-title elementor-size-default\">PROINAD92 S.L<\/h1>\t\t\t\t<\/div>\n\t\t\t\t<\/div>\n\t\t\t\t<div class=\"elementor-element elementor-element-2b85f823 elementor-invisible elementor-widget elementor-widget-heading\" data-id=\"2b85f823\" data-element_type=\"widget\" data-settings=\"{&quot;_animation&quot;:&quot;fadeInDown&quot;}\" data-widget_type=\"heading.default\">\n\t\t\t\t<div class=\"elementor-widget-container\">\n\t\t\t\t\t<h4 class=\"elementor-heading-title elementor-size-default\">Quality in Valve Engineering &amp; Industrial  Integral Solutions\n\n<\/h4>\t\t\t\t<\/div>\n\t\t\t\t<\/div>\n\t\t\t\t<div class=\"elementor-element elementor-element-539c339 elementor-align-center elementor-widget elementor-widget-button\" data-id=\"539c339\" data-element_type=\"widget\" data-widget_type=\"button.default\">\n\t\t\t\t<div class=\"elementor-widget-container\">\n\t\t\t\t\t\t\t\t\t<div class=\"elementor-button-wrapper\">\n\t\t\t\t\t<a class=\"elementor-button elementor-button-link elementor-size-lg\" href=\"https:\/\/proinad92.cat\/products\/\" target=\"_blank\">\n\t\t\t\t\t\t<span class=\"elementor-button-content-wrapper\">\n\t\t\t\t\t\t<span class=\"elementor-button-icon\">\n\t\t\t\t<i aria-hidden=\"true\" class=\"mdi mdi-call-made\"><\/i>\t\t\t<\/span>\n\t\t\t\t\t\t\t\t\t<span class=\"elementor-button-text\">Descubrir m\u00e1s<\/span>\n\t\t\t\t\t<\/span>\n\t\t\t\t\t<\/a>\n\t\t\t\t<\/div>\n\t\t\t\t\t\t\t\t<\/div>\n\t\t\t\t<\/div>\n\t\t\t\t\t<\/div>\n\t\t<\/div>\n\t\t\t\t\t<\/div>\n\t\t<\/section>\n\t\t\t\t<section class=\"elementor-section elementor-top-section elementor-element elementor-element-96d31b5 elementor-section-boxed elementor-section-height-default elementor-section-height-default\" data-id=\"96d31b5\" data-element_type=\"section\" data-settings=\"{&quot;background_background&quot;:&quot;classic&quot;}\">\n\t\t\t\t\t\t\t<div class=\"elementor-background-overlay\"><\/div>\n\t\t\t\t\t\t\t<div class=\"elementor-container elementor-column-gap-default\">\n\t\t\t\t\t<div class=\"elementor-column elementor-col-50 elementor-top-column elementor-element elementor-element-8e5ecc5\" data-id=\"8e5ecc5\" data-element_type=\"column\">\n\t\t\t<div class=\"elementor-widget-wrap elementor-element-populated\">\n\t\t\t\t\t\t<div class=\"elementor-element elementor-element-450469f1 elementor-widget elementor-widget-heading\" data-id=\"450469f1\" data-element_type=\"widget\" data-widget_type=\"heading.default\">\n\t\t\t\t<div class=\"elementor-widget-container\">\n\t\t\t\t\t<h6 class=\"elementor-heading-title elementor-size-default\">quienes somos<\/h6>\t\t\t\t<\/div>\n\t\t\t\t<\/div>\n\t\t\t\t<div class=\"elementor-element elementor-element-1bda3412 elementor-widget elementor-widget-heading\" data-id=\"1bda3412\" data-element_type=\"widget\" data-widget_type=\"heading.default\">\n\t\t\t\t<div class=\"elementor-widget-container\">\n\t\t\t\t\t<h2 class=\"elementor-heading-title elementor-size-default\">Calidad en Ingenier\u00eda de V\u00e1lvulas\nY Soluciones Integrales para la \nIndustria\n\n\n<\/h2>\t\t\t\t<\/div>\n\t\t\t\t<\/div>\n\t\t\t\t<div class=\"elementor-element elementor-element-22a47f4d elementor-widget elementor-widget-text-editor\" data-id=\"22a47f4d\" data-element_type=\"widget\" data-widget_type=\"text-editor.default\">\n\t\t\t\t<div class=\"elementor-widget-container\">\n\t\t\t\t\t\t\t\t\t<p>Ingenier\u00eda especializada en prescripci\u00f3n y configuraci\u00f3n de v\u00e1lvulas para diferentes tipos de industrias y aplicaciones especiales.<\/p><p>Equipo con t\u00e9cnicos cualificados con a\u00f1os de experiencia en la industria, qu\u00edmica, petroqu\u00edmica.<\/p><p>Proceso en Papeleras, petr\u00f3leo y gas.<\/p>\t\t\t\t\t\t\t\t<\/div>\n\t\t\t\t<\/div>\n\t\t\t\t<div class=\"elementor-element elementor-element-15dd8e32 elementor-widget__width-initial elementor-icon-list--layout-traditional elementor-list-item-link-full_width elementor-widget elementor-widget-icon-list\" data-id=\"15dd8e32\" data-element_type=\"widget\" data-widget_type=\"icon-list.default\">\n\t\t\t\t<div class=\"elementor-widget-container\">\n\t\t\t\t\t\t\t<ul class=\"elementor-icon-list-items\">\n\t\t\t\t\t\t\t<li class=\"elementor-icon-list-item\">\n\t\t\t\t\t\t\t\t\t\t\t<span class=\"elementor-icon-list-icon\">\n\t\t\t\t\t\t\t<i aria-hidden=\"true\" class=\"fas fa-check-circle\"><\/i>\t\t\t\t\t\t<\/span>\n\t\t\t\t\t\t\t\t\t\t<span class=\"elementor-icon-list-text\">Experiencia Industrial<\/span>\n\t\t\t\t\t\t\t\t\t<\/li>\n\t\t\t\t\t\t\t\t<li class=\"elementor-icon-list-item\">\n\t\t\t\t\t\t\t\t\t\t\t<span class=\"elementor-icon-list-icon\">\n\t\t\t\t\t\t\t<i aria-hidden=\"true\" class=\"fas fa-check-circle\"><\/i>\t\t\t\t\t\t<\/span>\n\t\t\t\t\t\t\t\t\t\t<span class=\"elementor-icon-list-text\">Capacidad de Dise\u00f1o        <\/span>\n\t\t\t\t\t\t\t\t\t<\/li>\n\t\t\t\t\t\t<\/ul>\n\t\t\t\t\t\t<\/div>\n\t\t\t\t<\/div>\n\t\t\t\t<div class=\"elementor-element elementor-element-242e9cc4 elementor-widget__width-initial elementor-icon-list--layout-traditional elementor-list-item-link-full_width elementor-widget elementor-widget-icon-list\" data-id=\"242e9cc4\" data-element_type=\"widget\" data-widget_type=\"icon-list.default\">\n\t\t\t\t<div class=\"elementor-widget-container\">\n\t\t\t\t\t\t\t<ul class=\"elementor-icon-list-items\">\n\t\t\t\t\t\t\t<li class=\"elementor-icon-list-item\">\n\t\t\t\t\t\t\t\t\t\t\t<span class=\"elementor-icon-list-icon\">\n\t\t\t\t\t\t\t<i aria-hidden=\"true\" class=\"fas fa-check-circle\"><\/i>\t\t\t\t\t\t<\/span>\n\t\t\t\t\t\t\t\t\t\t<span class=\"elementor-icon-list-text\">La mejor calidad en Materiales<\/span>\n\t\t\t\t\t\t\t\t\t<\/li>\n\t\t\t\t\t\t\t\t<li class=\"elementor-icon-list-item\">\n\t\t\t\t\t\t\t\t\t\t\t<span class=\"elementor-icon-list-icon\">\n\t\t\t\t\t\t\t<i aria-hidden=\"true\" class=\"fas fa-check-circle\"><\/i>\t\t\t\t\t\t<\/span>\n\t\t\t\t\t\t\t\t\t\t<span class=\"elementor-icon-list-text\">Consultor\u00eda T\u00e9cnica<\/span>\n\t\t\t\t\t\t\t\t\t<\/li>\n\t\t\t\t\t\t<\/ul>\n\t\t\t\t\t\t<\/div>\n\t\t\t\t<\/div>\n\t\t\t\t<div class=\"elementor-element elementor-element-a9e8d16 elementor-widget-divider--view-line elementor-widget elementor-widget-divider\" data-id=\"a9e8d16\" data-element_type=\"widget\" data-widget_type=\"divider.default\">\n\t\t\t\t<div class=\"elementor-widget-container\">\n\t\t\t\t\t\t\t<div class=\"elementor-divider\">\n\t\t\t<span class=\"elementor-divider-separator\">\n\t\t\t\t\t\t<\/span>\n\t\t<\/div>\n\t\t\t\t\t\t<\/div>\n\t\t\t\t<\/div>\n\t\t\t\t\t<\/div>\n\t\t<\/div>\n\t\t\t\t<div class=\"elementor-column elementor-col-50 elementor-top-column elementor-element elementor-element-33a2b87e\" data-id=\"33a2b87e\" data-element_type=\"column\">\n\t\t\t<div class=\"elementor-widget-wrap elementor-element-populated\">\n\t\t\t\t\t\t<div class=\"elementor-element elementor-element-2acd7df5 elementor-widget elementor-widget-image\" data-id=\"2acd7df5\" data-element_type=\"widget\" data-widget_type=\"image.default\">\n\t\t\t\t<div class=\"elementor-widget-container\">\n\t\t\t\t\t\t\t\t\t\t\t\t\t\t\t<img fetchpriority=\"high\" decoding=\"async\" width=\"626\" height=\"417\" src=\"https:\/\/proinad92.cat\/wp-content\/uploads\/2023\/06\/Foto-Ref.-01.jpeg\" class=\"attachment-full size-full wp-image-88\" alt=\"Foto Ref. 01\" srcset=\"https:\/\/proinad92.cat\/wp-content\/uploads\/2023\/06\/Foto-Ref.-01.jpeg 626w, https:\/\/proinad92.cat\/wp-content\/uploads\/2023\/06\/Foto-Ref.-01-300x200.jpeg 300w\" sizes=\"(max-width: 626px) 100vw, 626px\" \/>\t\t\t\t\t\t\t\t\t\t\t\t\t\t\t<\/div>\n\t\t\t\t<\/div>\n\t\t\t\t<div class=\"elementor-element elementor-element-16137af1 elementor-widget__width-auto elementor-absolute elementor-widget elementor-widget-counter\" data-id=\"16137af1\" data-element_type=\"widget\" data-settings=\"{&quot;_position&quot;:&quot;absolute&quot;}\" data-widget_type=\"counter.default\">\n\t\t\t\t<div class=\"elementor-widget-container\">\n\t\t\t\t\t\t\t<div class=\"elementor-counter\">\n\t\t\t<div class=\"elementor-counter-title\">A\u00f1os<\/div>\t\t\t<div class=\"elementor-counter-number-wrapper\">\n\t\t\t\t<span class=\"elementor-counter-number-prefix\"><\/span>\n\t\t\t\t<span class=\"elementor-counter-number\" data-duration=\"2000\" data-to-value=\"30\" data-from-value=\"0\" data-delimiter=\",\">0<\/span>\n\t\t\t\t<span class=\"elementor-counter-number-suffix\">+<\/span>\n\t\t\t<\/div>\n\t\t<\/div>\n\t\t\t\t\t\t<\/div>\n\t\t\t\t<\/div>\n\t\t\t\t\t<\/div>\n\t\t<\/div>\n\t\t\t\t\t<\/div>\n\t\t<\/section>\n\t\t\t\t<section class=\"elementor-section elementor-top-section elementor-element elementor-element-4114c652 elementor-section-height-min-height elementor-section-full_width elementor-section-height-default elementor-section-items-middle\" data-id=\"4114c652\" data-element_type=\"section\" data-settings=\"{&quot;background_background&quot;:&quot;classic&quot;}\">\n\t\t\t\t\t\t\t<div class=\"elementor-background-overlay\"><\/div>\n\t\t\t\t\t\t\t<div class=\"elementor-container elementor-column-gap-default\">\n\t\t\t\t\t<div class=\"elementor-column elementor-col-100 elementor-top-column elementor-element elementor-element-63bcc72b elementor-invisible\" data-id=\"63bcc72b\" data-element_type=\"column\" data-settings=\"{&quot;background_background&quot;:&quot;classic&quot;,&quot;animation&quot;:&quot;fadeIn&quot;,&quot;animation_delay&quot;:200}\">\n\t\t\t<div class=\"elementor-widget-wrap elementor-element-populated\">\n\t\t\t\t\t<div class=\"elementor-background-overlay\"><\/div>\n\t\t\t\t\t\t<div class=\"elementor-element elementor-element-6be9b6d elementor--h-position-center elementor--v-position-middle elementor-arrows-position-inside elementor-pagination-position-inside elementor-widget elementor-widget-slides\" data-id=\"6be9b6d\" data-element_type=\"widget\" data-settings=\"{&quot;navigation&quot;:&quot;both&quot;,&quot;autoplay&quot;:&quot;yes&quot;,&quot;pause_on_hover&quot;:&quot;yes&quot;,&quot;pause_on_interaction&quot;:&quot;yes&quot;,&quot;autoplay_speed&quot;:5000,&quot;infinite&quot;:&quot;yes&quot;,&quot;transition&quot;:&quot;slide&quot;,&quot;transition_speed&quot;:500}\" data-widget_type=\"slides.default\">\n\t\t\t\t<div class=\"elementor-widget-container\">\n\t\t\t\t\t\t\t\t\t<div class=\"elementor-swiper\">\n\t\t\t\t\t<div class=\"elementor-slides-wrapper elementor-main-swiper swiper\" role=\"region\" aria-roledescription=\"carousel\" aria-label=\"Slides\" dir=\"ltr\" data-animation=\"fadeInUp\">\n\t\t\t\t<div class=\"swiper-wrapper elementor-slides\">\n\t\t\t\t\t\t\t\t\t\t<div class=\"elementor-repeater-item-2c96921 swiper-slide\" role=\"group\" aria-roledescription=\"slide\"><div class=\"swiper-slide-bg\" role=\"img\"><\/div><div class=\"swiper-slide-inner\" ><div class=\"swiper-slide-contents\"><\/div><\/div><\/div><div class=\"elementor-repeater-item-0c23dc9 swiper-slide\" role=\"group\" aria-roledescription=\"slide\"><div class=\"swiper-slide-bg\" role=\"img\"><\/div><div class=\"swiper-slide-inner\" ><div class=\"swiper-slide-contents\"><\/div><\/div><\/div><div class=\"elementor-repeater-item-f60537a swiper-slide\" role=\"group\" aria-roledescription=\"slide\"><div class=\"swiper-slide-bg\" role=\"img\"><\/div><div class=\"swiper-slide-inner\" ><div class=\"swiper-slide-contents\"><\/div><\/div><\/div>\t\t\t\t<\/div>\n\t\t\t\t\t\t\t\t\t\t\t\t\t\t\t<div class=\"elementor-swiper-button elementor-swiper-button-prev\" role=\"button\" tabindex=\"0\" aria-label=\"Previous slide\">\n\t\t\t\t\t\t\t<i aria-hidden=\"true\" class=\"eicon-chevron-left\"><\/i>\t\t\t\t\t\t<\/div>\n\t\t\t\t\t\t<div class=\"elementor-swiper-button elementor-swiper-button-next\" role=\"button\" tabindex=\"0\" aria-label=\"Next slide\">\n\t\t\t\t\t\t\t<i aria-hidden=\"true\" class=\"eicon-chevron-right\"><\/i>\t\t\t\t\t\t<\/div>\n\t\t\t\t\t\t\t\t\t\t\t\t\t\t\t\t<div class=\"swiper-pagination\"><\/div>\n\t\t\t\t\t\t\t\t\t\t\t\t<\/div>\n\t\t\t\t<\/div>\n\t\t\t\t\t\t\t\t<\/div>\n\t\t\t\t<\/div>\n\t\t\t\t\t<\/div>\n\t\t<\/div>\n\t\t\t\t\t<\/div>\n\t\t<\/section>\n\t\t\t\t<\/div>\n\t\t","protected":false},"excerpt":{"rendered":"<p>PROINAD92 S.L Quality in Valve Engineering &amp; Industrial Integral Solutions Descubrir m\u00e1s quienes somos Calidad en Ingenier\u00eda de V\u00e1lvulas Y Soluciones Integrales para la Industria Ingenier\u00eda especializada en prescripci\u00f3n y configuraci\u00f3n de v\u00e1lvulas para diferentes tipos de industrias y aplicaciones especiales. Equipo con t\u00e9cnicos cualificados con a\u00f1os de experiencia en la industria, qu\u00edmica, petroqu\u00edmica. Proceso [&hellip;]<\/p>\n","protected":false},"author":1,"featured_media":0,"parent":0,"menu_order":0,"comment_status":"closed","ping_status":"closed","template":"","meta":{"_joinchat":[],"footnotes":""},"class_list":["post-678","page","type-page","status-publish","hentry"],"yoast_head":"<!-- This site is optimized with the Yoast SEO plugin v25.2 - https:\/\/yoast.com\/wordpress\/plugins\/seo\/ -->\n<title>Inicio - Proinad92 SL<\/title>\n<meta name=\"robots\" content=\"index, follow, max-snippet:-1, max-image-preview:large, max-video-preview:-1\" \/>\n<link rel=\"canonical\" href=\"https:\/\/proinad92.cat\/es\/\" \/>\n<meta property=\"og:locale\" content=\"es_ES\" \/>\n<meta property=\"og:type\" content=\"article\" \/>\n<meta property=\"og:title\" content=\"Inicio - Proinad92 SL\" \/>\n<meta property=\"og:description\" content=\"PROINAD92 S.L Quality in Valve Engineering &amp; Industrial Integral Solutions Descubrir m\u00e1s quienes somos Calidad en Ingenier\u00eda de V\u00e1lvulas Y Soluciones Integrales para la Industria Ingenier\u00eda especializada en prescripci\u00f3n y configuraci\u00f3n de v\u00e1lvulas para diferentes tipos de industrias y aplicaciones especiales. Equipo con t\u00e9cnicos cualificados con a\u00f1os de experiencia en la industria, qu\u00edmica, petroqu\u00edmica. Proceso [&hellip;]\" \/>\n<meta property=\"og:url\" content=\"https:\/\/proinad92.cat\/es\/\" \/>\n<meta property=\"og:site_name\" content=\"Proinad92 SL\" \/>\n<meta property=\"article:modified_time\" content=\"2025-04-27T00:41:30+00:00\" \/>\n<meta property=\"og:image\" content=\"https:\/\/proinad92.cat\/wp-content\/uploads\/2023\/06\/Foto-Ref.-01.jpeg\" \/>\n<meta name=\"twitter:card\" content=\"summary_large_image\" \/>\n<meta name=\"twitter:label1\" content=\"Tiempo de lectura\" \/>\n\t<meta name=\"twitter:data1\" content=\"1 minuto\" \/>\n<script type=\"application\/ld+json\" class=\"yoast-schema-graph\">{\"@context\":\"https:\/\/schema.org\",\"@graph\":[{\"@type\":\"WebPage\",\"@id\":\"https:\/\/proinad92.cat\/es\/\",\"url\":\"https:\/\/proinad92.cat\/es\/\",\"name\":\"Inicio - Proinad92 SL\",\"isPartOf\":{\"@id\":\"https:\/\/proinad92.cat\/#website\"},\"primaryImageOfPage\":{\"@id\":\"https:\/\/proinad92.cat\/es\/#primaryimage\"},\"image\":{\"@id\":\"https:\/\/proinad92.cat\/es\/#primaryimage\"},\"thumbnailUrl\":\"https:\/\/proinad92.cat\/wp-content\/uploads\/2023\/06\/Foto-Ref.-01.jpeg\",\"datePublished\":\"2023-06-05T10:32:34+00:00\",\"dateModified\":\"2025-04-27T00:41:30+00:00\",\"breadcrumb\":{\"@id\":\"https:\/\/proinad92.cat\/es\/#breadcrumb\"},\"inLanguage\":\"es\",\"potentialAction\":[{\"@type\":\"ReadAction\",\"target\":[\"https:\/\/proinad92.cat\/es\/\"]}]},{\"@type\":\"ImageObject\",\"inLanguage\":\"es\",\"@id\":\"https:\/\/proinad92.cat\/es\/#primaryimage\",\"url\":\"https:\/\/proinad92.cat\/wp-content\/uploads\/2023\/06\/Foto-Ref.-01.jpeg\",\"contentUrl\":\"https:\/\/proinad92.cat\/wp-content\/uploads\/2023\/06\/Foto-Ref.-01.jpeg\"},{\"@type\":\"BreadcrumbList\",\"@id\":\"https:\/\/proinad92.cat\/es\/#breadcrumb\",\"itemListElement\":[{\"@type\":\"ListItem\",\"position\":1,\"name\":\"Portada\",\"item\":\"https:\/\/proinad92.cat\/es\/\"},{\"@type\":\"ListItem\",\"position\":2,\"name\":\"Inicio\"}]},{\"@type\":\"WebSite\",\"@id\":\"https:\/\/proinad92.cat\/#website\",\"url\":\"https:\/\/proinad92.cat\/\",\"name\":\"Proinad92\",\"description\":\"\",\"publisher\":{\"@id\":\"https:\/\/proinad92.cat\/#organization\"},\"potentialAction\":[{\"@type\":\"SearchAction\",\"target\":{\"@type\":\"EntryPoint\",\"urlTemplate\":\"https:\/\/proinad92.cat\/?s={search_term_string}\"},\"query-input\":{\"@type\":\"PropertyValueSpecification\",\"valueRequired\":true,\"valueName\":\"search_term_string\"}}],\"inLanguage\":\"es\"},{\"@type\":\"Organization\",\"@id\":\"https:\/\/proinad92.cat\/#organization\",\"name\":\"Proinad92 SL\",\"url\":\"https:\/\/proinad92.cat\/\",\"logo\":{\"@type\":\"ImageObject\",\"inLanguage\":\"es\",\"@id\":\"https:\/\/proinad92.cat\/#\/schema\/logo\/image\/\",\"url\":\"https:\/\/proinad92.cat\/wp-content\/uploads\/2023\/06\/LogoProinad92.png\",\"contentUrl\":\"https:\/\/proinad92.cat\/wp-content\/uploads\/2023\/06\/LogoProinad92.png\",\"width\":1036,\"height\":286,\"caption\":\"Proinad92 SL\"},\"image\":{\"@id\":\"https:\/\/proinad92.cat\/#\/schema\/logo\/image\/\"}}]}<\/script>\n<!-- \/ Yoast SEO plugin. -->","yoast_head_json":{"title":"Inicio - Proinad92 SL","robots":{"index":"index","follow":"follow","max-snippet":"max-snippet:-1","max-image-preview":"max-image-preview:large","max-video-preview":"max-video-preview:-1"},"canonical":"https:\/\/proinad92.cat\/es\/","og_locale":"es_ES","og_type":"article","og_title":"Inicio - Proinad92 SL","og_description":"PROINAD92 S.L Quality in Valve Engineering &amp; Industrial Integral Solutions Descubrir m\u00e1s quienes somos Calidad en Ingenier\u00eda de V\u00e1lvulas Y Soluciones Integrales para la Industria Ingenier\u00eda especializada en prescripci\u00f3n y configuraci\u00f3n de v\u00e1lvulas para diferentes tipos de industrias y aplicaciones especiales. Equipo con t\u00e9cnicos cualificados con a\u00f1os de experiencia en la industria, qu\u00edmica, petroqu\u00edmica. Proceso [&hellip;]","og_url":"https:\/\/proinad92.cat\/es\/","og_site_name":"Proinad92 SL","article_modified_time":"2025-04-27T00:41:30+00:00","og_image":[{"url":"https:\/\/proinad92.cat\/wp-content\/uploads\/2023\/06\/Foto-Ref.-01.jpeg","type":"","width":"","height":""}],"twitter_card":"summary_large_image","twitter_misc":{"Tiempo de lectura":"1 minuto"},"schema":{"@context":"https:\/\/schema.org","@graph":[{"@type":"WebPage","@id":"https:\/\/proinad92.cat\/es\/","url":"https:\/\/proinad92.cat\/es\/","name":"Inicio - Proinad92 SL","isPartOf":{"@id":"https:\/\/proinad92.cat\/#website"},"primaryImageOfPage":{"@id":"https:\/\/proinad92.cat\/es\/#primaryimage"},"image":{"@id":"https:\/\/proinad92.cat\/es\/#primaryimage"},"thumbnailUrl":"https:\/\/proinad92.cat\/wp-content\/uploads\/2023\/06\/Foto-Ref.-01.jpeg","datePublished":"2023-06-05T10:32:34+00:00","dateModified":"2025-04-27T00:41:30+00:00","breadcrumb":{"@id":"https:\/\/proinad92.cat\/es\/#breadcrumb"},"inLanguage":"es","potentialAction":[{"@type":"ReadAction","target":["https:\/\/proinad92.cat\/es\/"]}]},{"@type":"ImageObject","inLanguage":"es","@id":"https:\/\/proinad92.cat\/es\/#primaryimage","url":"https:\/\/proinad92.cat\/wp-content\/uploads\/2023\/06\/Foto-Ref.-01.jpeg","contentUrl":"https:\/\/proinad92.cat\/wp-content\/uploads\/2023\/06\/Foto-Ref.-01.jpeg"},{"@type":"BreadcrumbList","@id":"https:\/\/proinad92.cat\/es\/#breadcrumb","itemListElement":[{"@type":"ListItem","position":1,"name":"Portada","item":"https:\/\/proinad92.cat\/es\/"},{"@type":"ListItem","position":2,"name":"Inicio"}]},{"@type":"WebSite","@id":"https:\/\/proinad92.cat\/#website","url":"https:\/\/proinad92.cat\/","name":"Proinad92","description":"","publisher":{"@id":"https:\/\/proinad92.cat\/#organization"},"potentialAction":[{"@type":"SearchAction","target":{"@type":"EntryPoint","urlTemplate":"https:\/\/proinad92.cat\/?s={search_term_string}"},"query-input":{"@type":"PropertyValueSpecification","valueRequired":true,"valueName":"search_term_string"}}],"inLanguage":"es"},{"@type":"Organization","@id":"https:\/\/proinad92.cat\/#organization","name":"Proinad92 SL","url":"https:\/\/proinad92.cat\/","logo":{"@type":"ImageObject","inLanguage":"es","@id":"https:\/\/proinad92.cat\/#\/schema\/logo\/image\/","url":"https:\/\/proinad92.cat\/wp-content\/uploads\/2023\/06\/LogoProinad92.png","contentUrl":"https:\/\/proinad92.cat\/wp-content\/uploads\/2023\/06\/LogoProinad92.png","width":1036,"height":286,"caption":"Proinad92 SL"},"image":{"@id":"https:\/\/proinad92.cat\/#\/schema\/logo\/image\/"}}]}},"_links":{"self":[{"href":"https:\/\/proinad92.cat\/es\/wp-json\/wp\/v2\/pages\/678","targetHints":{"allow":["GET"]}}],"collection":[{"href":"https:\/\/proinad92.cat\/es\/wp-json\/wp\/v2\/pages"}],"about":[{"href":"https:\/\/proinad92.cat\/es\/wp-json\/wp\/v2\/types\/page"}],"author":[{"embeddable":true,"href":"https:\/\/proinad92.cat\/es\/wp-json\/wp\/v2\/users\/1"}],"replies":[{"embeddable":true,"href":"https:\/\/proinad92.cat\/es\/wp-json\/wp\/v2\/comments?post=678"}],"version-history":[{"count":8,"href":"https:\/\/proinad92.cat\/es\/wp-json\/wp\/v2\/pages\/678\/revisions"}],"predecessor-version":[{"id":1932,"href":"https:\/\/proinad92.cat\/es\/wp-json\/wp\/v2\/pages\/678\/revisions\/1932"}],"wp:attachment":[{"href":"https:\/\/proinad92.cat\/es\/wp-json\/wp\/v2\/media?parent=678"}],"curies":[{"name":"wp","href":"https:\/\/api.w.org\/{rel}","templated":true}]}}