{"id":1098,"date":"2023-12-04T19:08:31","date_gmt":"2023-12-04T18:08:31","guid":{"rendered":"https:\/\/proinad92.cat\/blog-2\/"},"modified":"2023-12-04T19:39:24","modified_gmt":"2023-12-04T18:39:24","slug":"blog-2","status":"publish","type":"page","link":"https:\/\/proinad92.cat\/es\/blog-2\/","title":{"rendered":"Blog"},"content":{"rendered":"\t\t<div data-elementor-type=\"wp-page\" data-elementor-id=\"1098\" class=\"elementor elementor-1098 elementor-1069\" data-elementor-post-type=\"page\">\n\t\t\t\t\t\t<section class=\"elementor-section elementor-top-section elementor-element elementor-element-b724b82 elementor-section-boxed elementor-section-height-default elementor-section-height-default\" data-id=\"b724b82\" data-element_type=\"section\">\n\t\t\t\t\t\t<div class=\"elementor-container elementor-column-gap-default\">\n\t\t\t\t\t<div class=\"elementor-column elementor-col-100 elementor-top-column elementor-element elementor-element-de8688c\" data-id=\"de8688c\" data-element_type=\"column\">\n\t\t\t<div class=\"elementor-widget-wrap elementor-element-populated\">\n\t\t\t\t\t\t<div class=\"elementor-element elementor-element-49441c7 elementor-grid-3 elementor-grid-tablet-2 elementor-grid-mobile-1 elementor-posts--thumbnail-top elementor-card-shadow-yes elementor-posts__hover-gradient elementor-widget elementor-widget-posts\" data-id=\"49441c7\" data-element_type=\"widget\" data-settings=\"{&quot;cards_columns&quot;:&quot;3&quot;,&quot;cards_columns_tablet&quot;:&quot;2&quot;,&quot;cards_columns_mobile&quot;:&quot;1&quot;,&quot;cards_row_gap&quot;:{&quot;unit&quot;:&quot;px&quot;,&quot;size&quot;:35,&quot;sizes&quot;:[]},&quot;cards_row_gap_tablet&quot;:{&quot;unit&quot;:&quot;px&quot;,&quot;size&quot;:&quot;&quot;,&quot;sizes&quot;:[]},&quot;cards_row_gap_mobile&quot;:{&quot;unit&quot;:&quot;px&quot;,&quot;size&quot;:&quot;&quot;,&quot;sizes&quot;:[]}}\" data-widget_type=\"posts.cards\">\n\t\t\t\t<div class=\"elementor-widget-container\">\n\t\t\t\t\t\t\t<div class=\"elementor-posts-container elementor-posts elementor-posts--skin-cards elementor-grid\">\n\t\t\t\t<article class=\"elementor-post elementor-grid-item post-1950 post type-post status-publish format-standard has-post-thumbnail hentry category-valvulas-de-mariposa\">\n\t\t\t<div class=\"elementor-post__card\">\n\t\t\t\t<a class=\"elementor-post__thumbnail__link\" href=\"https:\/\/proinad92.cat\/es\/consideraciones-tecnicas-sobre-las-valvulas-de-mariposa\/\" tabindex=\"-1\" ><div class=\"elementor-post__thumbnail\"><img fetchpriority=\"high\" decoding=\"async\" width=\"300\" height=\"195\" src=\"https:\/\/proinad92.cat\/wp-content\/uploads\/2023\/12\/Captura-de-pantalla-2023-12-06-a-las-20.51.20-1-300x195.png\" class=\"attachment-medium size-medium wp-image-1149\" alt=\"\" srcset=\"https:\/\/proinad92.cat\/wp-content\/uploads\/2023\/12\/Captura-de-pantalla-2023-12-06-a-las-20.51.20-1-300x195.png 300w, https:\/\/proinad92.cat\/wp-content\/uploads\/2023\/12\/Captura-de-pantalla-2023-12-06-a-las-20.51.20-1.png 436w\" sizes=\"(max-width: 300px) 100vw, 300px\" \/><\/div><\/a>\n\t\t\t\t<div class=\"elementor-post__badge\">V\u00c1LVULAS DE MARIPOSA<\/div>\n\t\t\t\t<div class=\"elementor-post__text\">\n\t\t\t\t<h3 class=\"elementor-post__title\">\n\t\t\t<a href=\"https:\/\/proinad92.cat\/es\/consideraciones-tecnicas-sobre-las-valvulas-de-mariposa\/\" >\n\t\t\t\tConsideraciones t\u00e9cnicas sobre las v\u00e1lvulas de mariposa\t\t\t<\/a>\n\t\t<\/h3>\n\t\t\t\t<div class=\"elementor-post__excerpt\">\n\t\t\t<p>TERMINOLOG\u00cdA DE LAS V\u00c1LVULAS DE MARIPOSA (differentiate between the three offsets) Desplazamiento cero (o centrado) El v\u00e1stago y el disco est\u00e1n centrados en el asiento<\/p>\n\t\t<\/div>\n\t\t\n\t\t<a class=\"elementor-post__read-more\" href=\"https:\/\/proinad92.cat\/es\/consideraciones-tecnicas-sobre-las-valvulas-de-mariposa\/\" aria-label=\"Read more about Consideraciones t\u00e9cnicas sobre las v\u00e1lvulas de mariposa\" tabindex=\"-1\" >\n\t\t\tRead More \u00bb\t\t<\/a>\n\n\t\t\t\t<\/div>\n\t\t\t\t<div class=\"elementor-post__meta-data\">\n\t\t\t\t\t<span class=\"elementor-post-date\">\n\t\t\t6 de diciembre de 2023\t\t<\/span>\n\t\t\t\t<span class=\"elementor-post-avatar\">\n\t\t\tNo hay comentarios\t\t<\/span>\n\t\t\t\t<\/div>\n\t\t\t\t\t<\/div>\n\t\t<\/article>\n\t\t\t\t<article class=\"elementor-post elementor-grid-item post-1100 post type-post status-publish format-standard has-post-thumbnail hentry category-valvulas\">\n\t\t\t<div class=\"elementor-post__card\">\n\t\t\t\t<a class=\"elementor-post__thumbnail__link\" href=\"https:\/\/proinad92.cat\/es\/bienvenido-a-proinad92-sl-expertos-en-valvulas-industriales-2\/\" tabindex=\"-1\" ><div class=\"elementor-post__thumbnail\"><img decoding=\"async\" width=\"300\" height=\"200\" src=\"https:\/\/proinad92.cat\/wp-content\/uploads\/2023\/06\/Foto-Ref.-01-300x200.jpeg\" class=\"attachment-medium size-medium wp-image-454\" alt=\"\" srcset=\"https:\/\/proinad92.cat\/wp-content\/uploads\/2023\/06\/Foto-Ref.-01-300x200.jpeg 300w, https:\/\/proinad92.cat\/wp-content\/uploads\/2023\/06\/Foto-Ref.-01.jpeg 626w\" sizes=\"(max-width: 300px) 100vw, 300px\" \/><\/div><\/a>\n\t\t\t\t<div class=\"elementor-post__badge\">Valvulas<\/div>\n\t\t\t\t<div class=\"elementor-post__text\">\n\t\t\t\t<h3 class=\"elementor-post__title\">\n\t\t\t<a href=\"https:\/\/proinad92.cat\/es\/bienvenido-a-proinad92-sl-expertos-en-valvulas-industriales-2\/\" >\n\t\t\t\t\u00a1Bienvenidos a Proinad92 SL \u2013 Expertos en V\u00e1lvulas Industriales y Soluciones Espec\u00edficas!\t\t\t<\/a>\n\t\t<\/h3>\n\t\t\t\t<div class=\"elementor-post__excerpt\">\n\t\t\t<p>Nos complace darle la bienvenida a nuestro sitio web, su destino final para soluciones premium de v\u00e1lvulas industriales. En Proinad92 SL, estamos orgullosos de ser<\/p>\n\t\t<\/div>\n\t\t\n\t\t<a class=\"elementor-post__read-more\" href=\"https:\/\/proinad92.cat\/es\/bienvenido-a-proinad92-sl-expertos-en-valvulas-industriales-2\/\" aria-label=\"Read more about \u00a1Bienvenidos a Proinad92 SL \u2013 Expertos en V\u00e1lvulas Industriales y Soluciones Espec\u00edficas!\" tabindex=\"-1\" >\n\t\t\tRead More \u00bb\t\t<\/a>\n\n\t\t\t\t<\/div>\n\t\t\t\t<div class=\"elementor-post__meta-data\">\n\t\t\t\t\t<span class=\"elementor-post-date\">\n\t\t\t4 de diciembre de 2023\t\t<\/span>\n\t\t\t\t<span class=\"elementor-post-avatar\">\n\t\t\tNo hay comentarios\t\t<\/span>\n\t\t\t\t<\/div>\n\t\t\t\t\t<\/div>\n\t\t<\/article>\n\t\t\t\t<\/div>\n\t\t\n\t\t\t\t\t\t<\/div>\n\t\t\t\t<\/div>\n\t\t\t\t\t<\/div>\n\t\t<\/div>\n\t\t\t\t\t<\/div>\n\t\t<\/section>\n\t\t\t\t<\/div>\n\t\t","protected":false},"excerpt":{"rendered":"","protected":false},"author":1,"featured_media":0,"parent":0,"menu_order":0,"comment_status":"closed","ping_status":"closed","template":"","meta":{"_joinchat":[],"footnotes":""},"class_list":["post-1098","page","type-page","status-publish","hentry"],"yoast_head":"<!-- This site is optimized with the Yoast SEO plugin v25.2 - https:\/\/yoast.com\/wordpress\/plugins\/seo\/ -->\n<title>Blog - Proinad92 SL<\/title>\n<meta name=\"robots\" content=\"index, follow, max-snippet:-1, max-image-preview:large, max-video-preview:-1\" \/>\n<link rel=\"canonical\" href=\"https:\/\/proinad92.cat\/es\/blog-2\/\" \/>\n<meta property=\"og:locale\" content=\"es_ES\" \/>\n<meta property=\"og:type\" content=\"article\" \/>\n<meta property=\"og:title\" content=\"Blog - Proinad92 SL\" \/>\n<meta property=\"og:url\" content=\"https:\/\/proinad92.cat\/es\/blog-2\/\" \/>\n<meta property=\"og:site_name\" content=\"Proinad92 SL\" \/>\n<meta property=\"article:modified_time\" content=\"2023-12-04T18:39:24+00:00\" \/>\n<meta name=\"twitter:card\" content=\"summary_large_image\" \/>\n<script type=\"application\/ld+json\" class=\"yoast-schema-graph\">{\"@context\":\"https:\/\/schema.org\",\"@graph\":[{\"@type\":\"WebPage\",\"@id\":\"https:\/\/proinad92.cat\/es\/blog-2\/\",\"url\":\"https:\/\/proinad92.cat\/es\/blog-2\/\",\"name\":\"Blog - Proinad92 SL\",\"isPartOf\":{\"@id\":\"https:\/\/proinad92.cat\/#website\"},\"datePublished\":\"2023-12-04T18:08:31+00:00\",\"dateModified\":\"2023-12-04T18:39:24+00:00\",\"breadcrumb\":{\"@id\":\"https:\/\/proinad92.cat\/es\/blog-2\/#breadcrumb\"},\"inLanguage\":\"es\",\"potentialAction\":[{\"@type\":\"ReadAction\",\"target\":[\"https:\/\/proinad92.cat\/es\/blog-2\/\"]}]},{\"@type\":\"BreadcrumbList\",\"@id\":\"https:\/\/proinad92.cat\/es\/blog-2\/#breadcrumb\",\"itemListElement\":[{\"@type\":\"ListItem\",\"position\":1,\"name\":\"Portada\",\"item\":\"https:\/\/proinad92.cat\/es\/\"},{\"@type\":\"ListItem\",\"position\":2,\"name\":\"Blog\"}]},{\"@type\":\"WebSite\",\"@id\":\"https:\/\/proinad92.cat\/#website\",\"url\":\"https:\/\/proinad92.cat\/\",\"name\":\"Proinad92\",\"description\":\"\",\"publisher\":{\"@id\":\"https:\/\/proinad92.cat\/#organization\"},\"potentialAction\":[{\"@type\":\"SearchAction\",\"target\":{\"@type\":\"EntryPoint\",\"urlTemplate\":\"https:\/\/proinad92.cat\/?s={search_term_string}\"},\"query-input\":{\"@type\":\"PropertyValueSpecification\",\"valueRequired\":true,\"valueName\":\"search_term_string\"}}],\"inLanguage\":\"es\"},{\"@type\":\"Organization\",\"@id\":\"https:\/\/proinad92.cat\/#organization\",\"name\":\"Proinad92 SL\",\"url\":\"https:\/\/proinad92.cat\/\",\"logo\":{\"@type\":\"ImageObject\",\"inLanguage\":\"es\",\"@id\":\"https:\/\/proinad92.cat\/#\/schema\/logo\/image\/\",\"url\":\"https:\/\/proinad92.cat\/wp-content\/uploads\/2023\/06\/LogoProinad92.png\",\"contentUrl\":\"https:\/\/proinad92.cat\/wp-content\/uploads\/2023\/06\/LogoProinad92.png\",\"width\":1036,\"height\":286,\"caption\":\"Proinad92 SL\"},\"image\":{\"@id\":\"https:\/\/proinad92.cat\/#\/schema\/logo\/image\/\"}}]}<\/script>\n<!-- \/ Yoast SEO plugin. -->","yoast_head_json":{"title":"Blog - Proinad92 SL","robots":{"index":"index","follow":"follow","max-snippet":"max-snippet:-1","max-image-preview":"max-image-preview:large","max-video-preview":"max-video-preview:-1"},"canonical":"https:\/\/proinad92.cat\/es\/blog-2\/","og_locale":"es_ES","og_type":"article","og_title":"Blog - Proinad92 SL","og_url":"https:\/\/proinad92.cat\/es\/blog-2\/","og_site_name":"Proinad92 SL","article_modified_time":"2023-12-04T18:39:24+00:00","twitter_card":"summary_large_image","schema":{"@context":"https:\/\/schema.org","@graph":[{"@type":"WebPage","@id":"https:\/\/proinad92.cat\/es\/blog-2\/","url":"https:\/\/proinad92.cat\/es\/blog-2\/","name":"Blog - Proinad92 SL","isPartOf":{"@id":"https:\/\/proinad92.cat\/#website"},"datePublished":"2023-12-04T18:08:31+00:00","dateModified":"2023-12-04T18:39:24+00:00","breadcrumb":{"@id":"https:\/\/proinad92.cat\/es\/blog-2\/#breadcrumb"},"inLanguage":"es","potentialAction":[{"@type":"ReadAction","target":["https:\/\/proinad92.cat\/es\/blog-2\/"]}]},{"@type":"BreadcrumbList","@id":"https:\/\/proinad92.cat\/es\/blog-2\/#breadcrumb","itemListElement":[{"@type":"ListItem","position":1,"name":"Portada","item":"https:\/\/proinad92.cat\/es\/"},{"@type":"ListItem","position":2,"name":"Blog"}]},{"@type":"WebSite","@id":"https:\/\/proinad92.cat\/#website","url":"https:\/\/proinad92.cat\/","name":"Proinad92","description":"","publisher":{"@id":"https:\/\/proinad92.cat\/#organization"},"potentialAction":[{"@type":"SearchAction","target":{"@type":"EntryPoint","urlTemplate":"https:\/\/proinad92.cat\/?s={search_term_string}"},"query-input":{"@type":"PropertyValueSpecification","valueRequired":true,"valueName":"search_term_string"}}],"inLanguage":"es"},{"@type":"Organization","@id":"https:\/\/proinad92.cat\/#organization","name":"Proinad92 SL","url":"https:\/\/proinad92.cat\/","logo":{"@type":"ImageObject","inLanguage":"es","@id":"https:\/\/proinad92.cat\/#\/schema\/logo\/image\/","url":"https:\/\/proinad92.cat\/wp-content\/uploads\/2023\/06\/LogoProinad92.png","contentUrl":"https:\/\/proinad92.cat\/wp-content\/uploads\/2023\/06\/LogoProinad92.png","width":1036,"height":286,"caption":"Proinad92 SL"},"image":{"@id":"https:\/\/proinad92.cat\/#\/schema\/logo\/image\/"}}]}},"_links":{"self":[{"href":"https:\/\/proinad92.cat\/es\/wp-json\/wp\/v2\/pages\/1098","targetHints":{"allow":["GET"]}}],"collection":[{"href":"https:\/\/proinad92.cat\/es\/wp-json\/wp\/v2\/pages"}],"about":[{"href":"https:\/\/proinad92.cat\/es\/wp-json\/wp\/v2\/types\/page"}],"author":[{"embeddable":true,"href":"https:\/\/proinad92.cat\/es\/wp-json\/wp\/v2\/users\/1"}],"replies":[{"embeddable":true,"href":"https:\/\/proinad92.cat\/es\/wp-json\/wp\/v2\/comments?post=1098"}],"version-history":[{"count":1,"href":"https:\/\/proinad92.cat\/es\/wp-json\/wp\/v2\/pages\/1098\/revisions"}],"predecessor-version":[{"id":1099,"href":"https:\/\/proinad92.cat\/es\/wp-json\/wp\/v2\/pages\/1098\/revisions\/1099"}],"wp:attachment":[{"href":"https:\/\/proinad92.cat\/es\/wp-json\/wp\/v2\/media?parent=1098"}],"curies":[{"name":"wp","href":"https:\/\/api.w.org\/{rel}","templated":true}]}}